{"id":1047,"date":"2019-07-05T07:10:56","date_gmt":"2019-07-05T13:10:56","guid":{"rendered":"https:\/\/ohyeicr.com\/shop\/?post_type=product&#038;p=1047"},"modified":"2023-12-17T09:00:44","modified_gmt":"2023-12-17T15:00:44","slug":"tarjeta-colgante-ojos-para-vos","status":"publish","type":"product","link":"https:\/\/ohyeicr.com\/shop\/producto\/tarjeta-colgante-ojos-para-vos\/","title":{"rendered":"Tarjeta colgante OJOS PARA VOS"},"content":{"rendered":"<p>Detalle especial para enamorar a cualquiera. Pod\u00e9s usarlo como tarjeta en tus regalos y ser usado despu\u00e9s como decoraci\u00f3n.<\/p>\n<p>Impresa digital en cartulina. Costura.<\/p>\n<p>Medida: 13 x 14 cm<\/p>\n","protected":false},"excerpt":{"rendered":"<p>Detalle especial para enamorar a cualquiera. Pod\u00e9s usarlo como tarjeta en tus regalos y ser usado despu\u00e9s como decoraci\u00f3n. Impresa digital en cartulina. Costura. Medida: 13 x 14 cm<\/p>\n","protected":false},"featured_media":870,"comment_status":"open","ping_status":"closed","template":"","meta":{"nf_dc_page":"","om_disable_all_campaigns":false,"_monsterinsights_skip_tracking":false,"_monsterinsights_sitenote_active":false,"_monsterinsights_sitenote_note":"","_monsterinsights_sitenote_category":0,"jetpack_post_was_ever_published":false,"jetpack_publicize_message":"","jetpack_publicize_feature_enabled":true,"jetpack_social_post_already_shared":true,"jetpack_social_options":{"image_generator_settings":{"template":"highway","default_image_id":0,"font":"","enabled":false},"version":2}},"product_brand":[],"product_cat":[40,33,65,18,47,22],"product_tag":[34,38,48,24],"class_list":{"0":"post-1047","1":"product","2":"type-product","3":"status-publish","4":"has-post-thumbnail","6":"product_cat-detalles","7":"product_cat-espacios-positivos","8":"product_cat-outlet","9":"product_cat-regalos-para-papa","10":"product_cat-sn-valentin","11":"product_cat-tarjeteria-papa","12":"product_tag-decoracion","13":"product_tag-print","14":"product_tag-tarjeta","15":"product_tag-tarjeteria","17":"first","18":"instock","19":"shipping-taxable","20":"purchasable","21":"product-type-simple"},"yoast_head":"<!-- This site is optimized with the Yoast SEO plugin v27.4 - https:\/\/yoast.com\/product\/yoast-seo-wordpress\/ -->\n<title>Tarjeta colgante OJOS PARA VOS - OH yei!<\/title>\n<meta name=\"robots\" content=\"index, follow, max-snippet:-1, max-image-preview:large, max-video-preview:-1\" \/>\n<link rel=\"canonical\" href=\"https:\/\/ohyeicr.com\/shop\/producto\/tarjeta-colgante-ojos-para-vos\/\" \/>\n<meta property=\"og:locale\" content=\"es_ES\" \/>\n<meta property=\"og:type\" content=\"article\" \/>\n<meta property=\"og:title\" content=\"Tarjeta colgante OJOS PARA VOS - OH yei!\" \/>\n<meta property=\"og:description\" content=\"Detalle especial para enamorar a cualquiera. Pod\u00e9s usarlo como tarjeta en tus regalos y ser usado despu\u00e9s como decoraci\u00f3n. Impresa digital en cartulina. Costura. Medida: 13 x 14 cm\" \/>\n<meta property=\"og:url\" content=\"https:\/\/ohyeicr.com\/shop\/producto\/tarjeta-colgante-ojos-para-vos\/\" \/>\n<meta property=\"og:site_name\" content=\"OH yei!\" \/>\n<meta property=\"article:modified_time\" content=\"2023-12-17T15:00:44+00:00\" \/>\n<meta property=\"og:image\" content=\"https:\/\/ohyeicr.com\/shop\/wp-content\/uploads\/2018\/01\/tarjeta-colgante-solo-ojos-OH-yei-scaled.jpg\" \/>\n\t<meta property=\"og:image:width\" content=\"2560\" \/>\n\t<meta property=\"og:image:height\" content=\"2560\" \/>\n\t<meta property=\"og:image:type\" content=\"image\/jpeg\" \/>\n<meta name=\"twitter:card\" content=\"summary_large_image\" \/>\n<script type=\"application\/ld+json\" class=\"yoast-schema-graph\">{\"@context\":\"https:\\\/\\\/schema.org\",\"@graph\":[{\"@type\":\"WebPage\",\"@id\":\"https:\\\/\\\/ohyeicr.com\\\/shop\\\/producto\\\/tarjeta-colgante-ojos-para-vos\\\/\",\"url\":\"https:\\\/\\\/ohyeicr.com\\\/shop\\\/producto\\\/tarjeta-colgante-ojos-para-vos\\\/\",\"name\":\"Tarjeta colgante OJOS PARA VOS - OH yei!\",\"isPartOf\":{\"@id\":\"https:\\\/\\\/ohyeicr.com\\\/shop\\\/#website\"},\"primaryImageOfPage\":{\"@id\":\"https:\\\/\\\/ohyeicr.com\\\/shop\\\/producto\\\/tarjeta-colgante-ojos-para-vos\\\/#primaryimage\"},\"image\":{\"@id\":\"https:\\\/\\\/ohyeicr.com\\\/shop\\\/producto\\\/tarjeta-colgante-ojos-para-vos\\\/#primaryimage\"},\"thumbnailUrl\":\"https:\\\/\\\/i0.wp.com\\\/ohyeicr.com\\\/shop\\\/wp-content\\\/uploads\\\/2018\\\/01\\\/tarjeta-colgante-solo-ojos-OH-yei-scaled.jpg?fit=2560%2C2560&ssl=1\",\"datePublished\":\"2019-07-05T13:10:56+00:00\",\"dateModified\":\"2023-12-17T15:00:44+00:00\",\"breadcrumb\":{\"@id\":\"https:\\\/\\\/ohyeicr.com\\\/shop\\\/producto\\\/tarjeta-colgante-ojos-para-vos\\\/#breadcrumb\"},\"inLanguage\":\"es\",\"potentialAction\":[{\"@type\":\"ReadAction\",\"target\":[\"https:\\\/\\\/ohyeicr.com\\\/shop\\\/producto\\\/tarjeta-colgante-ojos-para-vos\\\/\"]}]},{\"@type\":\"ImageObject\",\"inLanguage\":\"es\",\"@id\":\"https:\\\/\\\/ohyeicr.com\\\/shop\\\/producto\\\/tarjeta-colgante-ojos-para-vos\\\/#primaryimage\",\"url\":\"https:\\\/\\\/i0.wp.com\\\/ohyeicr.com\\\/shop\\\/wp-content\\\/uploads\\\/2018\\\/01\\\/tarjeta-colgante-solo-ojos-OH-yei-scaled.jpg?fit=2560%2C2560&ssl=1\",\"contentUrl\":\"https:\\\/\\\/i0.wp.com\\\/ohyeicr.com\\\/shop\\\/wp-content\\\/uploads\\\/2018\\\/01\\\/tarjeta-colgante-solo-ojos-OH-yei-scaled.jpg?fit=2560%2C2560&ssl=1\",\"width\":2560,\"height\":2560,\"caption\":\"tarjeta-colgante-ojos-para-vos\"},{\"@type\":\"BreadcrumbList\",\"@id\":\"https:\\\/\\\/ohyeicr.com\\\/shop\\\/producto\\\/tarjeta-colgante-ojos-para-vos\\\/#breadcrumb\",\"itemListElement\":[{\"@type\":\"ListItem\",\"position\":1,\"name\":\"Portada\",\"item\":\"https:\\\/\\\/ohyeicr.com\\\/shop\\\/\"},{\"@type\":\"ListItem\",\"position\":2,\"name\":\"Tienda\",\"item\":\"https:\\\/\\\/ohyeicr.com\\\/shop\\\/tienda\\\/\"},{\"@type\":\"ListItem\",\"position\":3,\"name\":\"Tarjeta colgante OJOS PARA VOS\"}]},{\"@type\":\"WebSite\",\"@id\":\"https:\\\/\\\/ohyeicr.com\\\/shop\\\/#website\",\"url\":\"https:\\\/\\\/ohyeicr.com\\\/shop\\\/\",\"name\":\"OH yei!\",\"description\":\"Detalles que hacen sonreir!!\",\"publisher\":{\"@id\":\"https:\\\/\\\/ohyeicr.com\\\/shop\\\/#organization\"},\"potentialAction\":[{\"@type\":\"SearchAction\",\"target\":{\"@type\":\"EntryPoint\",\"urlTemplate\":\"https:\\\/\\\/ohyeicr.com\\\/shop\\\/?s={search_term_string}\"},\"query-input\":{\"@type\":\"PropertyValueSpecification\",\"valueRequired\":true,\"valueName\":\"search_term_string\"}}],\"inLanguage\":\"es\"},{\"@type\":\"Organization\",\"@id\":\"https:\\\/\\\/ohyeicr.com\\\/shop\\\/#organization\",\"name\":\"OH yei!\u00ae\",\"url\":\"https:\\\/\\\/ohyeicr.com\\\/shop\\\/\",\"logo\":{\"@type\":\"ImageObject\",\"inLanguage\":\"es\",\"@id\":\"https:\\\/\\\/ohyeicr.com\\\/shop\\\/#\\\/schema\\\/logo\\\/image\\\/\",\"url\":\"https:\\\/\\\/i0.wp.com\\\/ohyeicr.com\\\/shop\\\/wp-content\\\/uploads\\\/2020\\\/03\\\/logo-ohyei-web.png?fit=350%2C350&ssl=1\",\"contentUrl\":\"https:\\\/\\\/i0.wp.com\\\/ohyeicr.com\\\/shop\\\/wp-content\\\/uploads\\\/2020\\\/03\\\/logo-ohyei-web.png?fit=350%2C350&ssl=1\",\"width\":350,\"height\":350,\"caption\":\"OH yei!\u00ae\"},\"image\":{\"@id\":\"https:\\\/\\\/ohyeicr.com\\\/shop\\\/#\\\/schema\\\/logo\\\/image\\\/\"}}]}<\/script>\n<!-- \/ Yoast SEO plugin. -->","yoast_head_json":{"title":"Tarjeta colgante OJOS PARA VOS - OH yei!","robots":{"index":"index","follow":"follow","max-snippet":"max-snippet:-1","max-image-preview":"max-image-preview:large","max-video-preview":"max-video-preview:-1"},"canonical":"https:\/\/ohyeicr.com\/shop\/producto\/tarjeta-colgante-ojos-para-vos\/","og_locale":"es_ES","og_type":"article","og_title":"Tarjeta colgante OJOS PARA VOS - OH yei!","og_description":"Detalle especial para enamorar a cualquiera. Pod\u00e9s usarlo como tarjeta en tus regalos y ser usado despu\u00e9s como decoraci\u00f3n. Impresa digital en cartulina. Costura. Medida: 13 x 14 cm","og_url":"https:\/\/ohyeicr.com\/shop\/producto\/tarjeta-colgante-ojos-para-vos\/","og_site_name":"OH yei!","article_modified_time":"2023-12-17T15:00:44+00:00","og_image":[{"width":2560,"height":2560,"url":"https:\/\/ohyeicr.com\/shop\/wp-content\/uploads\/2018\/01\/tarjeta-colgante-solo-ojos-OH-yei-scaled.jpg","type":"image\/jpeg"}],"twitter_card":"summary_large_image","schema":{"@context":"https:\/\/schema.org","@graph":[{"@type":"WebPage","@id":"https:\/\/ohyeicr.com\/shop\/producto\/tarjeta-colgante-ojos-para-vos\/","url":"https:\/\/ohyeicr.com\/shop\/producto\/tarjeta-colgante-ojos-para-vos\/","name":"Tarjeta colgante OJOS PARA VOS - OH yei!","isPartOf":{"@id":"https:\/\/ohyeicr.com\/shop\/#website"},"primaryImageOfPage":{"@id":"https:\/\/ohyeicr.com\/shop\/producto\/tarjeta-colgante-ojos-para-vos\/#primaryimage"},"image":{"@id":"https:\/\/ohyeicr.com\/shop\/producto\/tarjeta-colgante-ojos-para-vos\/#primaryimage"},"thumbnailUrl":"https:\/\/i0.wp.com\/ohyeicr.com\/shop\/wp-content\/uploads\/2018\/01\/tarjeta-colgante-solo-ojos-OH-yei-scaled.jpg?fit=2560%2C2560&ssl=1","datePublished":"2019-07-05T13:10:56+00:00","dateModified":"2023-12-17T15:00:44+00:00","breadcrumb":{"@id":"https:\/\/ohyeicr.com\/shop\/producto\/tarjeta-colgante-ojos-para-vos\/#breadcrumb"},"inLanguage":"es","potentialAction":[{"@type":"ReadAction","target":["https:\/\/ohyeicr.com\/shop\/producto\/tarjeta-colgante-ojos-para-vos\/"]}]},{"@type":"ImageObject","inLanguage":"es","@id":"https:\/\/ohyeicr.com\/shop\/producto\/tarjeta-colgante-ojos-para-vos\/#primaryimage","url":"https:\/\/i0.wp.com\/ohyeicr.com\/shop\/wp-content\/uploads\/2018\/01\/tarjeta-colgante-solo-ojos-OH-yei-scaled.jpg?fit=2560%2C2560&ssl=1","contentUrl":"https:\/\/i0.wp.com\/ohyeicr.com\/shop\/wp-content\/uploads\/2018\/01\/tarjeta-colgante-solo-ojos-OH-yei-scaled.jpg?fit=2560%2C2560&ssl=1","width":2560,"height":2560,"caption":"tarjeta-colgante-ojos-para-vos"},{"@type":"BreadcrumbList","@id":"https:\/\/ohyeicr.com\/shop\/producto\/tarjeta-colgante-ojos-para-vos\/#breadcrumb","itemListElement":[{"@type":"ListItem","position":1,"name":"Portada","item":"https:\/\/ohyeicr.com\/shop\/"},{"@type":"ListItem","position":2,"name":"Tienda","item":"https:\/\/ohyeicr.com\/shop\/tienda\/"},{"@type":"ListItem","position":3,"name":"Tarjeta colgante OJOS PARA VOS"}]},{"@type":"WebSite","@id":"https:\/\/ohyeicr.com\/shop\/#website","url":"https:\/\/ohyeicr.com\/shop\/","name":"OH yei!","description":"Detalles que hacen sonreir!!","publisher":{"@id":"https:\/\/ohyeicr.com\/shop\/#organization"},"potentialAction":[{"@type":"SearchAction","target":{"@type":"EntryPoint","urlTemplate":"https:\/\/ohyeicr.com\/shop\/?s={search_term_string}"},"query-input":{"@type":"PropertyValueSpecification","valueRequired":true,"valueName":"search_term_string"}}],"inLanguage":"es"},{"@type":"Organization","@id":"https:\/\/ohyeicr.com\/shop\/#organization","name":"OH yei!\u00ae","url":"https:\/\/ohyeicr.com\/shop\/","logo":{"@type":"ImageObject","inLanguage":"es","@id":"https:\/\/ohyeicr.com\/shop\/#\/schema\/logo\/image\/","url":"https:\/\/i0.wp.com\/ohyeicr.com\/shop\/wp-content\/uploads\/2020\/03\/logo-ohyei-web.png?fit=350%2C350&ssl=1","contentUrl":"https:\/\/i0.wp.com\/ohyeicr.com\/shop\/wp-content\/uploads\/2020\/03\/logo-ohyei-web.png?fit=350%2C350&ssl=1","width":350,"height":350,"caption":"OH yei!\u00ae"},"image":{"@id":"https:\/\/ohyeicr.com\/shop\/#\/schema\/logo\/image\/"}}]}},"jetpack_publicize_connections":[],"jetpack_sharing_enabled":true,"_links":{"self":[{"href":"https:\/\/ohyeicr.com\/shop\/wp-json\/wp\/v2\/product\/1047","targetHints":{"allow":["GET"]}}],"collection":[{"href":"https:\/\/ohyeicr.com\/shop\/wp-json\/wp\/v2\/product"}],"about":[{"href":"https:\/\/ohyeicr.com\/shop\/wp-json\/wp\/v2\/types\/product"}],"replies":[{"embeddable":true,"href":"https:\/\/ohyeicr.com\/shop\/wp-json\/wp\/v2\/comments?post=1047"}],"wp:featuredmedia":[{"embeddable":true,"href":"https:\/\/ohyeicr.com\/shop\/wp-json\/wp\/v2\/media\/870"}],"wp:attachment":[{"href":"https:\/\/ohyeicr.com\/shop\/wp-json\/wp\/v2\/media?parent=1047"}],"wp:term":[{"taxonomy":"product_brand","embeddable":true,"href":"https:\/\/ohyeicr.com\/shop\/wp-json\/wp\/v2\/product_brand?post=1047"},{"taxonomy":"product_cat","embeddable":true,"href":"https:\/\/ohyeicr.com\/shop\/wp-json\/wp\/v2\/product_cat?post=1047"},{"taxonomy":"product_tag","embeddable":true,"href":"https:\/\/ohyeicr.com\/shop\/wp-json\/wp\/v2\/product_tag?post=1047"}],"curies":[{"name":"wp","href":"https:\/\/api.w.org\/{rel}","templated":true}]}}