{"id":1220,"date":"2019-07-17T20:09:48","date_gmt":"2019-07-18T02:09:48","guid":{"rendered":"https:\/\/ohyeicr.com\/shop\/?post_type=product&#038;p=1220"},"modified":"2023-12-17T08:52:17","modified_gmt":"2023-12-17T14:52:17","slug":"print-jumbo-positivo-agradece-verde","status":"publish","type":"product","link":"https:\/\/ohyeicr.com\/shop\/producto\/print-jumbo-positivo-agradece-verde\/","title":{"rendered":"Print jumbo positivo AGRADEC\u00c9 verde"},"content":{"rendered":"Mensajes positivos perfectos para rodearse de inspiraci\u00f3n en el d\u00eda a d\u00eda. Decora tu habitaci\u00f3n, oficina o para ese regalo especial.\r\n\r\n<!-- \/wp:post-content --><!-- wp:paragraph -->\r\n\r\nMedida: 11 x 17 in\r\n\r\n<!-- \/wp:paragraph --><!-- wp:paragraph -->\r\n\r\nImpresi\u00f3n digital sobre cartulina especial texturizada.\r\n\r\n<!-- \/wp:paragraph --><!-- wp:paragraph -->\r\n\r\nMensaje:\u00a0DETENTE UN MOMENTO Y AGRADEC\u00c9.\r\n\r\nColor: verde olivo.\r\n\r\n<img data-recalc-dims=\"1\" loading=\"lazy\" decoding=\"async\" class=\"alignnone  wp-image-1221\" src=\"https:\/\/i0.wp.com\/ohyeicr.com\/shop\/wp-content\/uploads\/2019\/07\/print-jumbo-detente-curs-VDE-det-W.png?resize=403%2C403&#038;ssl=1\" alt=\"\" width=\"403\" height=\"403\" srcset=\"https:\/\/i0.wp.com\/ohyeicr.com\/shop\/wp-content\/uploads\/2019\/07\/print-jumbo-detente-curs-VDE-det-W.png?resize=300%2C300&amp;ssl=1 300w, https:\/\/i0.wp.com\/ohyeicr.com\/shop\/wp-content\/uploads\/2019\/07\/print-jumbo-detente-curs-VDE-det-W.png?resize=324%2C324&amp;ssl=1 324w, https:\/\/i0.wp.com\/ohyeicr.com\/shop\/wp-content\/uploads\/2019\/07\/print-jumbo-detente-curs-VDE-det-W.png?resize=100%2C100&amp;ssl=1 100w, https:\/\/i0.wp.com\/ohyeicr.com\/shop\/wp-content\/uploads\/2019\/07\/print-jumbo-detente-curs-VDE-det-W.png?resize=416%2C416&amp;ssl=1 416w, https:\/\/i0.wp.com\/ohyeicr.com\/shop\/wp-content\/uploads\/2019\/07\/print-jumbo-detente-curs-VDE-det-W.png?resize=150%2C150&amp;ssl=1 150w, https:\/\/i0.wp.com\/ohyeicr.com\/shop\/wp-content\/uploads\/2019\/07\/print-jumbo-detente-curs-VDE-det-W.png?resize=768%2C768&amp;ssl=1 768w, https:\/\/i0.wp.com\/ohyeicr.com\/shop\/wp-content\/uploads\/2019\/07\/print-jumbo-detente-curs-VDE-det-W.png?resize=500%2C500&amp;ssl=1 500w, https:\/\/i0.wp.com\/ohyeicr.com\/shop\/wp-content\/uploads\/2019\/07\/print-jumbo-detente-curs-VDE-det-W.png?w=1000&amp;ssl=1 1000w\" sizes=\"auto, (max-width: 403px) 100vw, 403px\" \/>\r\n\r\n<!-- \/wp:paragraph -->","protected":false},"excerpt":{"rendered":"<p>Mensajes positivos perfectos para rodearse de inspiraci\u00f3n en el d\u00eda a d\u00eda. Decora tu habitaci\u00f3n, oficina o para ese regalo especial. Medida: 11 x 17 in Impresi\u00f3n digital sobre cartulina especial texturizada. Mensaje:\u00a0DETENTE UN MOMENTO Y AGRADEC\u00c9. Color: verde olivo.<\/p>\n","protected":false},"featured_media":1218,"comment_status":"open","ping_status":"closed","template":"","meta":{"nf_dc_page":"","om_disable_all_campaigns":false,"_monsterinsights_skip_tracking":false,"_monsterinsights_sitenote_active":false,"_monsterinsights_sitenote_note":"","_monsterinsights_sitenote_category":0,"jetpack_post_was_ever_published":false,"jetpack_publicize_message":"","jetpack_publicize_feature_enabled":true,"jetpack_social_post_already_shared":true,"jetpack_social_options":{"image_generator_settings":{"template":"highway","default_image_id":0,"font":"","enabled":false},"version":2}},"product_brand":[],"product_cat":[40,33,65,37,47],"product_tag":[34,49,38],"class_list":{"0":"post-1220","1":"product","2":"type-product","3":"status-publish","4":"has-post-thumbnail","6":"product_cat-detalles","7":"product_cat-espacios-positivos","8":"product_cat-outlet","9":"product_cat-regalos-para-mama","10":"product_cat-sn-valentin","11":"product_tag-decoracion","12":"product_tag-positivo","13":"product_tag-print","15":"first","16":"instock","17":"shipping-taxable","18":"purchasable","19":"product-type-simple"},"yoast_head":"<!-- This site is optimized with the Yoast SEO plugin v27.4 - https:\/\/yoast.com\/product\/yoast-seo-wordpress\/ -->\n<title>Print jumbo positivo AGRADEC\u00c9 verde - OH yei!<\/title>\n<meta name=\"robots\" content=\"index, follow, max-snippet:-1, max-image-preview:large, max-video-preview:-1\" \/>\n<link rel=\"canonical\" href=\"https:\/\/ohyeicr.com\/shop\/producto\/print-jumbo-positivo-agradece-verde\/\" \/>\n<meta property=\"og:locale\" content=\"es_ES\" \/>\n<meta property=\"og:type\" content=\"article\" \/>\n<meta property=\"og:title\" content=\"Print jumbo positivo AGRADEC\u00c9 verde - OH yei!\" \/>\n<meta property=\"og:description\" content=\"Mensajes positivos perfectos para rodearse de inspiraci\u00f3n en el d\u00eda a d\u00eda. Decora tu habitaci\u00f3n, oficina o para ese regalo especial. Medida: 11 x 17 in Impresi\u00f3n digital sobre cartulina especial texturizada. Mensaje:\u00a0DETENTE UN MOMENTO Y AGRADEC\u00c9. Color: verde olivo.\" \/>\n<meta property=\"og:url\" content=\"https:\/\/ohyeicr.com\/shop\/producto\/print-jumbo-positivo-agradece-verde\/\" \/>\n<meta property=\"og:site_name\" content=\"OH yei!\" \/>\n<meta property=\"article:modified_time\" content=\"2023-12-17T14:52:17+00:00\" \/>\n<meta property=\"og:image\" content=\"https:\/\/i0.wp.com\/ohyeicr.com\/shop\/wp-content\/uploads\/2019\/07\/print-jumbo-detente-curs-VDE-W.png?fit=1000%2C1000&ssl=1\" \/>\n\t<meta property=\"og:image:width\" content=\"1000\" \/>\n\t<meta property=\"og:image:height\" content=\"1000\" \/>\n\t<meta property=\"og:image:type\" content=\"image\/png\" \/>\n<meta name=\"twitter:card\" content=\"summary_large_image\" \/>\n<script type=\"application\/ld+json\" class=\"yoast-schema-graph\">{\"@context\":\"https:\\\/\\\/schema.org\",\"@graph\":[{\"@type\":\"WebPage\",\"@id\":\"https:\\\/\\\/ohyeicr.com\\\/shop\\\/producto\\\/print-jumbo-positivo-agradece-verde\\\/\",\"url\":\"https:\\\/\\\/ohyeicr.com\\\/shop\\\/producto\\\/print-jumbo-positivo-agradece-verde\\\/\",\"name\":\"Print jumbo positivo AGRADEC\u00c9 verde - OH yei!\",\"isPartOf\":{\"@id\":\"https:\\\/\\\/ohyeicr.com\\\/shop\\\/#website\"},\"primaryImageOfPage\":{\"@id\":\"https:\\\/\\\/ohyeicr.com\\\/shop\\\/producto\\\/print-jumbo-positivo-agradece-verde\\\/#primaryimage\"},\"image\":{\"@id\":\"https:\\\/\\\/ohyeicr.com\\\/shop\\\/producto\\\/print-jumbo-positivo-agradece-verde\\\/#primaryimage\"},\"thumbnailUrl\":\"https:\\\/\\\/i0.wp.com\\\/ohyeicr.com\\\/shop\\\/wp-content\\\/uploads\\\/2019\\\/07\\\/print-jumbo-detente-curs-VDE-W.png?fit=1000%2C1000&ssl=1\",\"datePublished\":\"2019-07-18T02:09:48+00:00\",\"dateModified\":\"2023-12-17T14:52:17+00:00\",\"breadcrumb\":{\"@id\":\"https:\\\/\\\/ohyeicr.com\\\/shop\\\/producto\\\/print-jumbo-positivo-agradece-verde\\\/#breadcrumb\"},\"inLanguage\":\"es\",\"potentialAction\":[{\"@type\":\"ReadAction\",\"target\":[\"https:\\\/\\\/ohyeicr.com\\\/shop\\\/producto\\\/print-jumbo-positivo-agradece-verde\\\/\"]}]},{\"@type\":\"ImageObject\",\"inLanguage\":\"es\",\"@id\":\"https:\\\/\\\/ohyeicr.com\\\/shop\\\/producto\\\/print-jumbo-positivo-agradece-verde\\\/#primaryimage\",\"url\":\"https:\\\/\\\/i0.wp.com\\\/ohyeicr.com\\\/shop\\\/wp-content\\\/uploads\\\/2019\\\/07\\\/print-jumbo-detente-curs-VDE-W.png?fit=1000%2C1000&ssl=1\",\"contentUrl\":\"https:\\\/\\\/i0.wp.com\\\/ohyeicr.com\\\/shop\\\/wp-content\\\/uploads\\\/2019\\\/07\\\/print-jumbo-detente-curs-VDE-W.png?fit=1000%2C1000&ssl=1\",\"width\":1000,\"height\":1000,\"caption\":\"print positivo\"},{\"@type\":\"BreadcrumbList\",\"@id\":\"https:\\\/\\\/ohyeicr.com\\\/shop\\\/producto\\\/print-jumbo-positivo-agradece-verde\\\/#breadcrumb\",\"itemListElement\":[{\"@type\":\"ListItem\",\"position\":1,\"name\":\"Portada\",\"item\":\"https:\\\/\\\/ohyeicr.com\\\/shop\\\/\"},{\"@type\":\"ListItem\",\"position\":2,\"name\":\"Tienda\",\"item\":\"https:\\\/\\\/ohyeicr.com\\\/shop\\\/tienda\\\/\"},{\"@type\":\"ListItem\",\"position\":3,\"name\":\"Print jumbo positivo AGRADEC\u00c9 verde\"}]},{\"@type\":\"WebSite\",\"@id\":\"https:\\\/\\\/ohyeicr.com\\\/shop\\\/#website\",\"url\":\"https:\\\/\\\/ohyeicr.com\\\/shop\\\/\",\"name\":\"OH yei!\",\"description\":\"Detalles que hacen sonreir!!\",\"publisher\":{\"@id\":\"https:\\\/\\\/ohyeicr.com\\\/shop\\\/#organization\"},\"potentialAction\":[{\"@type\":\"SearchAction\",\"target\":{\"@type\":\"EntryPoint\",\"urlTemplate\":\"https:\\\/\\\/ohyeicr.com\\\/shop\\\/?s={search_term_string}\"},\"query-input\":{\"@type\":\"PropertyValueSpecification\",\"valueRequired\":true,\"valueName\":\"search_term_string\"}}],\"inLanguage\":\"es\"},{\"@type\":\"Organization\",\"@id\":\"https:\\\/\\\/ohyeicr.com\\\/shop\\\/#organization\",\"name\":\"OH yei!\u00ae\",\"url\":\"https:\\\/\\\/ohyeicr.com\\\/shop\\\/\",\"logo\":{\"@type\":\"ImageObject\",\"inLanguage\":\"es\",\"@id\":\"https:\\\/\\\/ohyeicr.com\\\/shop\\\/#\\\/schema\\\/logo\\\/image\\\/\",\"url\":\"https:\\\/\\\/i0.wp.com\\\/ohyeicr.com\\\/shop\\\/wp-content\\\/uploads\\\/2020\\\/03\\\/logo-ohyei-web.png?fit=350%2C350&ssl=1\",\"contentUrl\":\"https:\\\/\\\/i0.wp.com\\\/ohyeicr.com\\\/shop\\\/wp-content\\\/uploads\\\/2020\\\/03\\\/logo-ohyei-web.png?fit=350%2C350&ssl=1\",\"width\":350,\"height\":350,\"caption\":\"OH yei!\u00ae\"},\"image\":{\"@id\":\"https:\\\/\\\/ohyeicr.com\\\/shop\\\/#\\\/schema\\\/logo\\\/image\\\/\"}}]}<\/script>\n<!-- \/ Yoast SEO plugin. -->","yoast_head_json":{"title":"Print jumbo positivo AGRADEC\u00c9 verde - OH yei!","robots":{"index":"index","follow":"follow","max-snippet":"max-snippet:-1","max-image-preview":"max-image-preview:large","max-video-preview":"max-video-preview:-1"},"canonical":"https:\/\/ohyeicr.com\/shop\/producto\/print-jumbo-positivo-agradece-verde\/","og_locale":"es_ES","og_type":"article","og_title":"Print jumbo positivo AGRADEC\u00c9 verde - OH yei!","og_description":"Mensajes positivos perfectos para rodearse de inspiraci\u00f3n en el d\u00eda a d\u00eda. Decora tu habitaci\u00f3n, oficina o para ese regalo especial. Medida: 11 x 17 in Impresi\u00f3n digital sobre cartulina especial texturizada. Mensaje:\u00a0DETENTE UN MOMENTO Y AGRADEC\u00c9. Color: verde olivo.","og_url":"https:\/\/ohyeicr.com\/shop\/producto\/print-jumbo-positivo-agradece-verde\/","og_site_name":"OH yei!","article_modified_time":"2023-12-17T14:52:17+00:00","og_image":[{"width":1000,"height":1000,"url":"https:\/\/i0.wp.com\/ohyeicr.com\/shop\/wp-content\/uploads\/2019\/07\/print-jumbo-detente-curs-VDE-W.png?fit=1000%2C1000&ssl=1","type":"image\/png"}],"twitter_card":"summary_large_image","schema":{"@context":"https:\/\/schema.org","@graph":[{"@type":"WebPage","@id":"https:\/\/ohyeicr.com\/shop\/producto\/print-jumbo-positivo-agradece-verde\/","url":"https:\/\/ohyeicr.com\/shop\/producto\/print-jumbo-positivo-agradece-verde\/","name":"Print jumbo positivo AGRADEC\u00c9 verde - OH yei!","isPartOf":{"@id":"https:\/\/ohyeicr.com\/shop\/#website"},"primaryImageOfPage":{"@id":"https:\/\/ohyeicr.com\/shop\/producto\/print-jumbo-positivo-agradece-verde\/#primaryimage"},"image":{"@id":"https:\/\/ohyeicr.com\/shop\/producto\/print-jumbo-positivo-agradece-verde\/#primaryimage"},"thumbnailUrl":"https:\/\/i0.wp.com\/ohyeicr.com\/shop\/wp-content\/uploads\/2019\/07\/print-jumbo-detente-curs-VDE-W.png?fit=1000%2C1000&ssl=1","datePublished":"2019-07-18T02:09:48+00:00","dateModified":"2023-12-17T14:52:17+00:00","breadcrumb":{"@id":"https:\/\/ohyeicr.com\/shop\/producto\/print-jumbo-positivo-agradece-verde\/#breadcrumb"},"inLanguage":"es","potentialAction":[{"@type":"ReadAction","target":["https:\/\/ohyeicr.com\/shop\/producto\/print-jumbo-positivo-agradece-verde\/"]}]},{"@type":"ImageObject","inLanguage":"es","@id":"https:\/\/ohyeicr.com\/shop\/producto\/print-jumbo-positivo-agradece-verde\/#primaryimage","url":"https:\/\/i0.wp.com\/ohyeicr.com\/shop\/wp-content\/uploads\/2019\/07\/print-jumbo-detente-curs-VDE-W.png?fit=1000%2C1000&ssl=1","contentUrl":"https:\/\/i0.wp.com\/ohyeicr.com\/shop\/wp-content\/uploads\/2019\/07\/print-jumbo-detente-curs-VDE-W.png?fit=1000%2C1000&ssl=1","width":1000,"height":1000,"caption":"print positivo"},{"@type":"BreadcrumbList","@id":"https:\/\/ohyeicr.com\/shop\/producto\/print-jumbo-positivo-agradece-verde\/#breadcrumb","itemListElement":[{"@type":"ListItem","position":1,"name":"Portada","item":"https:\/\/ohyeicr.com\/shop\/"},{"@type":"ListItem","position":2,"name":"Tienda","item":"https:\/\/ohyeicr.com\/shop\/tienda\/"},{"@type":"ListItem","position":3,"name":"Print jumbo positivo AGRADEC\u00c9 verde"}]},{"@type":"WebSite","@id":"https:\/\/ohyeicr.com\/shop\/#website","url":"https:\/\/ohyeicr.com\/shop\/","name":"OH yei!","description":"Detalles que hacen sonreir!!","publisher":{"@id":"https:\/\/ohyeicr.com\/shop\/#organization"},"potentialAction":[{"@type":"SearchAction","target":{"@type":"EntryPoint","urlTemplate":"https:\/\/ohyeicr.com\/shop\/?s={search_term_string}"},"query-input":{"@type":"PropertyValueSpecification","valueRequired":true,"valueName":"search_term_string"}}],"inLanguage":"es"},{"@type":"Organization","@id":"https:\/\/ohyeicr.com\/shop\/#organization","name":"OH yei!\u00ae","url":"https:\/\/ohyeicr.com\/shop\/","logo":{"@type":"ImageObject","inLanguage":"es","@id":"https:\/\/ohyeicr.com\/shop\/#\/schema\/logo\/image\/","url":"https:\/\/i0.wp.com\/ohyeicr.com\/shop\/wp-content\/uploads\/2020\/03\/logo-ohyei-web.png?fit=350%2C350&ssl=1","contentUrl":"https:\/\/i0.wp.com\/ohyeicr.com\/shop\/wp-content\/uploads\/2020\/03\/logo-ohyei-web.png?fit=350%2C350&ssl=1","width":350,"height":350,"caption":"OH yei!\u00ae"},"image":{"@id":"https:\/\/ohyeicr.com\/shop\/#\/schema\/logo\/image\/"}}]}},"jetpack_publicize_connections":[],"jetpack_sharing_enabled":true,"_links":{"self":[{"href":"https:\/\/ohyeicr.com\/shop\/wp-json\/wp\/v2\/product\/1220","targetHints":{"allow":["GET"]}}],"collection":[{"href":"https:\/\/ohyeicr.com\/shop\/wp-json\/wp\/v2\/product"}],"about":[{"href":"https:\/\/ohyeicr.com\/shop\/wp-json\/wp\/v2\/types\/product"}],"replies":[{"embeddable":true,"href":"https:\/\/ohyeicr.com\/shop\/wp-json\/wp\/v2\/comments?post=1220"}],"wp:featuredmedia":[{"embeddable":true,"href":"https:\/\/ohyeicr.com\/shop\/wp-json\/wp\/v2\/media\/1218"}],"wp:attachment":[{"href":"https:\/\/ohyeicr.com\/shop\/wp-json\/wp\/v2\/media?parent=1220"}],"wp:term":[{"taxonomy":"product_brand","embeddable":true,"href":"https:\/\/ohyeicr.com\/shop\/wp-json\/wp\/v2\/product_brand?post=1220"},{"taxonomy":"product_cat","embeddable":true,"href":"https:\/\/ohyeicr.com\/shop\/wp-json\/wp\/v2\/product_cat?post=1220"},{"taxonomy":"product_tag","embeddable":true,"href":"https:\/\/ohyeicr.com\/shop\/wp-json\/wp\/v2\/product_tag?post=1220"}],"curies":[{"name":"wp","href":"https:\/\/api.w.org\/{rel}","templated":true}]}}