{"id":2035,"date":"2024-09-04T17:31:34","date_gmt":"2024-09-04T23:31:34","guid":{"rendered":"https:\/\/ohyeicr.com\/shop\/?post_type=product&#038;p=2035"},"modified":"2024-10-10T20:27:49","modified_gmt":"2024-10-11T02:27:49","slug":"caja-sorpresa-dia-del-nino","status":"publish","type":"product","link":"https:\/\/ohyeicr.com\/shop\/producto\/caja-sorpresa-dia-del-nino\/","title":{"rendered":"Caja sorpresa DIA DEL NI\u00d1O"},"content":{"rendered":"<p>Caja sorpresa edici\u00f3n D\u00cdA DEL NI\u00d1O: Sorprende a ese ni\u00f1o\/a especial con esta cajita Dulce y divertida en su d\u00eda. Contiene confites, diversi\u00f3n &amp; banderines Positivos con Intenciones. Personalizamos con nombre la etiqueta.<\/p>\n<p>Contiene:<br \/>\nPringles, M&amp;ms en tubito, bolsita Trulul\u00fa, Nutella mini, burbujas y juguete sensorial. Adem\u00e1s de unos banderines con intenciones positivas. Cajita personalizada y tag.<br \/>\n13.500 c<\/p>\n<p>Disponible para encargo. \u00a1Agenda ya tu pedido! al T. 8707.8071 Se cierran pedidos el viernes 6 de septiembre. Para entregas el 8 y 9.<\/p>\n<p>Este producto requiere env\u00edo Local (directo a tu puerta) en zona GAM, no se env\u00edan por correos de Costa Rica ni a nivel Nacional.<\/p>\n","protected":false},"excerpt":{"rendered":"<p><img loading=\"lazy\" decoding=\"async\" class=\"alignleft wp-image-2038 size-large\" src=\"https:\/\/ohyeicr.com\/shop\/wp-content\/uploads\/2024\/09\/IMG_4313-768x1024.jpg\" alt=\"\" width=\"768\" height=\"1024\" srcset=\"https:\/\/i0.wp.com\/ohyeicr.com\/shop\/wp-content\/uploads\/2024\/09\/IMG_4313-scaled.jpg?resize=768%2C1024&amp;ssl=1 768w, https:\/\/i0.wp.com\/ohyeicr.com\/shop\/wp-content\/uploads\/2024\/09\/IMG_4313-scaled.jpg?resize=225%2C300&amp;ssl=1 225w, https:\/\/i0.wp.com\/ohyeicr.com\/shop\/wp-content\/uploads\/2024\/09\/IMG_4313-scaled.jpg?resize=1152%2C1536&amp;ssl=1 1152w, https:\/\/i0.wp.com\/ohyeicr.com\/shop\/wp-content\/uploads\/2024\/09\/IMG_4313-scaled.jpg?resize=1536%2C2048&amp;ssl=1 1536w, https:\/\/i0.wp.com\/ohyeicr.com\/shop\/wp-content\/uploads\/2024\/09\/IMG_4313-scaled.jpg?resize=416%2C555&amp;ssl=1 416w, https:\/\/i0.wp.com\/ohyeicr.com\/shop\/wp-content\/uploads\/2024\/09\/IMG_4313-scaled.jpg?resize=45%2C60&amp;ssl=1 45w, https:\/\/i0.wp.com\/ohyeicr.com\/shop\/wp-content\/uploads\/2024\/09\/IMG_4313-scaled.jpg?resize=68%2C90&amp;ssl=1 68w, https:\/\/i0.wp.com\/ohyeicr.com\/shop\/wp-content\/uploads\/2024\/09\/IMG_4313-scaled.jpg?w=1920&amp;ssl=1 1920w\" sizes=\"auto, (max-width: 768px) 100vw, 768px\" \/> <img loading=\"lazy\" decoding=\"async\" class=\"alignleft wp-image-2037 size-large\" src=\"https:\/\/ohyeicr.com\/shop\/wp-content\/uploads\/2024\/09\/IMG_4308-768x1024.jpg\" alt=\"\" width=\"768\" height=\"1024\" srcset=\"https:\/\/i0.wp.com\/ohyeicr.com\/shop\/wp-content\/uploads\/2024\/09\/IMG_4308-scaled.jpg?resize=768%2C1024&amp;ssl=1 768w, https:\/\/i0.wp.com\/ohyeicr.com\/shop\/wp-content\/uploads\/2024\/09\/IMG_4308-scaled.jpg?resize=225%2C300&amp;ssl=1 225w, https:\/\/i0.wp.com\/ohyeicr.com\/shop\/wp-content\/uploads\/2024\/09\/IMG_4308-scaled.jpg?resize=1152%2C1536&amp;ssl=1 1152w, https:\/\/i0.wp.com\/ohyeicr.com\/shop\/wp-content\/uploads\/2024\/09\/IMG_4308-scaled.jpg?resize=1536%2C2048&amp;ssl=1 1536w, https:\/\/i0.wp.com\/ohyeicr.com\/shop\/wp-content\/uploads\/2024\/09\/IMG_4308-scaled.jpg?resize=416%2C555&amp;ssl=1 416w, https:\/\/i0.wp.com\/ohyeicr.com\/shop\/wp-content\/uploads\/2024\/09\/IMG_4308-scaled.jpg?resize=45%2C60&amp;ssl=1 45w, https:\/\/i0.wp.com\/ohyeicr.com\/shop\/wp-content\/uploads\/2024\/09\/IMG_4308-scaled.jpg?resize=68%2C90&amp;ssl=1 68w, https:\/\/i0.wp.com\/ohyeicr.com\/shop\/wp-content\/uploads\/2024\/09\/IMG_4308-scaled.jpg?w=1920&amp;ssl=1 1920w\" sizes=\"auto, (max-width: 768px) 100vw, 768px\" \/> <img loading=\"lazy\" decoding=\"async\" class=\"alignleft wp-image-2039 size-large\" src=\"https:\/\/ohyeicr.com\/shop\/wp-content\/uploads\/2024\/09\/IMG_4316-768x1024.jpg\" alt=\"\" width=\"768\" height=\"1024\" srcset=\"https:\/\/i0.wp.com\/ohyeicr.com\/shop\/wp-content\/uploads\/2024\/09\/IMG_4316-scaled.jpg?resize=768%2C1024&amp;ssl=1 768w, https:\/\/i0.wp.com\/ohyeicr.com\/shop\/wp-content\/uploads\/2024\/09\/IMG_4316-scaled.jpg?resize=225%2C300&amp;ssl=1 225w, https:\/\/i0.wp.com\/ohyeicr.com\/shop\/wp-content\/uploads\/2024\/09\/IMG_4316-scaled.jpg?resize=1152%2C1536&amp;ssl=1 1152w, https:\/\/i0.wp.com\/ohyeicr.com\/shop\/wp-content\/uploads\/2024\/09\/IMG_4316-scaled.jpg?resize=1536%2C2048&amp;ssl=1 1536w, https:\/\/i0.wp.com\/ohyeicr.com\/shop\/wp-content\/uploads\/2024\/09\/IMG_4316-scaled.jpg?resize=416%2C555&amp;ssl=1 416w, https:\/\/i0.wp.com\/ohyeicr.com\/shop\/wp-content\/uploads\/2024\/09\/IMG_4316-scaled.jpg?resize=45%2C60&amp;ssl=1 45w, https:\/\/i0.wp.com\/ohyeicr.com\/shop\/wp-content\/uploads\/2024\/09\/IMG_4316-scaled.jpg?resize=68%2C90&amp;ssl=1 68w, https:\/\/i0.wp.com\/ohyeicr.com\/shop\/wp-content\/uploads\/2024\/09\/IMG_4316-scaled.jpg?w=1920&amp;ssl=1 1920w\" sizes=\"auto, (max-width: 768px) 100vw, 768px\" \/><\/p>\n","protected":false},"featured_media":2036,"comment_status":"open","ping_status":"closed","template":"","meta":{"nf_dc_page":"","om_disable_all_campaigns":false,"_monsterinsights_skip_tracking":false,"_monsterinsights_sitenote_active":false,"_monsterinsights_sitenote_note":"","_monsterinsights_sitenote_category":0,"jetpack_post_was_ever_published":false,"jetpack_publicize_message":"","jetpack_publicize_feature_enabled":true,"jetpack_social_post_already_shared":true,"jetpack_social_options":{"image_generator_settings":{"template":"highway","default_image_id":0,"font":"","enabled":false},"version":2}},"product_brand":[],"product_cat":[71],"product_tag":[],"class_list":{"0":"post-2035","1":"product","2":"type-product","3":"status-publish","4":"has-post-thumbnail","6":"product_cat-diferentes-formas-de-sorprender","8":"first","9":"onbackorder","10":"shipping-taxable","11":"purchasable","12":"product-type-simple"},"yoast_head":"<!-- This site is optimized with the Yoast SEO plugin v27.4 - https:\/\/yoast.com\/product\/yoast-seo-wordpress\/ -->\n<title>Caja sorpresa DIA DEL NI\u00d1O - OH yei!<\/title>\n<meta name=\"robots\" content=\"index, follow, max-snippet:-1, max-image-preview:large, max-video-preview:-1\" \/>\n<link rel=\"canonical\" href=\"https:\/\/ohyeicr.com\/shop\/producto\/caja-sorpresa-dia-del-nino\/\" \/>\n<meta property=\"og:locale\" content=\"es_ES\" \/>\n<meta property=\"og:type\" content=\"article\" \/>\n<meta property=\"og:title\" content=\"Caja sorpresa DIA DEL NI\u00d1O - OH yei!\" \/>\n<meta property=\"og:url\" content=\"https:\/\/ohyeicr.com\/shop\/producto\/caja-sorpresa-dia-del-nino\/\" \/>\n<meta property=\"og:site_name\" content=\"OH yei!\" \/>\n<meta property=\"article:modified_time\" content=\"2024-10-11T02:27:49+00:00\" \/>\n<meta property=\"og:image\" content=\"https:\/\/ohyeicr.com\/shop\/wp-content\/uploads\/2024\/09\/IMG_4318-scaled.jpg\" \/>\n\t<meta property=\"og:image:width\" content=\"1920\" \/>\n\t<meta property=\"og:image:height\" content=\"2560\" \/>\n\t<meta property=\"og:image:type\" content=\"image\/jpeg\" \/>\n<meta name=\"twitter:card\" content=\"summary_large_image\" \/>\n<meta name=\"twitter:label1\" content=\"Tiempo de lectura\" \/>\n\t<meta name=\"twitter:data1\" content=\"1 minuto\" \/>\n<script type=\"application\/ld+json\" class=\"yoast-schema-graph\">{\"@context\":\"https:\\\/\\\/schema.org\",\"@graph\":[{\"@type\":\"WebPage\",\"@id\":\"https:\\\/\\\/ohyeicr.com\\\/shop\\\/producto\\\/caja-sorpresa-dia-del-nino\\\/\",\"url\":\"https:\\\/\\\/ohyeicr.com\\\/shop\\\/producto\\\/caja-sorpresa-dia-del-nino\\\/\",\"name\":\"Caja sorpresa DIA DEL NI\u00d1O - OH yei!\",\"isPartOf\":{\"@id\":\"https:\\\/\\\/ohyeicr.com\\\/shop\\\/#website\"},\"primaryImageOfPage\":{\"@id\":\"https:\\\/\\\/ohyeicr.com\\\/shop\\\/producto\\\/caja-sorpresa-dia-del-nino\\\/#primaryimage\"},\"image\":{\"@id\":\"https:\\\/\\\/ohyeicr.com\\\/shop\\\/producto\\\/caja-sorpresa-dia-del-nino\\\/#primaryimage\"},\"thumbnailUrl\":\"https:\\\/\\\/i0.wp.com\\\/ohyeicr.com\\\/shop\\\/wp-content\\\/uploads\\\/2024\\\/09\\\/IMG_4318-scaled.jpg?fit=1920%2C2560&ssl=1\",\"datePublished\":\"2024-09-04T23:31:34+00:00\",\"dateModified\":\"2024-10-11T02:27:49+00:00\",\"breadcrumb\":{\"@id\":\"https:\\\/\\\/ohyeicr.com\\\/shop\\\/producto\\\/caja-sorpresa-dia-del-nino\\\/#breadcrumb\"},\"inLanguage\":\"es\",\"potentialAction\":[{\"@type\":\"ReadAction\",\"target\":[\"https:\\\/\\\/ohyeicr.com\\\/shop\\\/producto\\\/caja-sorpresa-dia-del-nino\\\/\"]}]},{\"@type\":\"ImageObject\",\"inLanguage\":\"es\",\"@id\":\"https:\\\/\\\/ohyeicr.com\\\/shop\\\/producto\\\/caja-sorpresa-dia-del-nino\\\/#primaryimage\",\"url\":\"https:\\\/\\\/i0.wp.com\\\/ohyeicr.com\\\/shop\\\/wp-content\\\/uploads\\\/2024\\\/09\\\/IMG_4318-scaled.jpg?fit=1920%2C2560&ssl=1\",\"contentUrl\":\"https:\\\/\\\/i0.wp.com\\\/ohyeicr.com\\\/shop\\\/wp-content\\\/uploads\\\/2024\\\/09\\\/IMG_4318-scaled.jpg?fit=1920%2C2560&ssl=1\",\"width\":1920,\"height\":2560,\"caption\":\"caja-sorpresa-dia-del-ni\u00f1o\"},{\"@type\":\"BreadcrumbList\",\"@id\":\"https:\\\/\\\/ohyeicr.com\\\/shop\\\/producto\\\/caja-sorpresa-dia-del-nino\\\/#breadcrumb\",\"itemListElement\":[{\"@type\":\"ListItem\",\"position\":1,\"name\":\"Portada\",\"item\":\"https:\\\/\\\/ohyeicr.com\\\/shop\\\/\"},{\"@type\":\"ListItem\",\"position\":2,\"name\":\"Tienda\",\"item\":\"https:\\\/\\\/ohyeicr.com\\\/shop\\\/tienda\\\/\"},{\"@type\":\"ListItem\",\"position\":3,\"name\":\"Caja sorpresa DIA DEL NI\u00d1O\"}]},{\"@type\":\"WebSite\",\"@id\":\"https:\\\/\\\/ohyeicr.com\\\/shop\\\/#website\",\"url\":\"https:\\\/\\\/ohyeicr.com\\\/shop\\\/\",\"name\":\"OH yei!\",\"description\":\"Detalles que hacen sonreir!!\",\"publisher\":{\"@id\":\"https:\\\/\\\/ohyeicr.com\\\/shop\\\/#organization\"},\"potentialAction\":[{\"@type\":\"SearchAction\",\"target\":{\"@type\":\"EntryPoint\",\"urlTemplate\":\"https:\\\/\\\/ohyeicr.com\\\/shop\\\/?s={search_term_string}\"},\"query-input\":{\"@type\":\"PropertyValueSpecification\",\"valueRequired\":true,\"valueName\":\"search_term_string\"}}],\"inLanguage\":\"es\"},{\"@type\":\"Organization\",\"@id\":\"https:\\\/\\\/ohyeicr.com\\\/shop\\\/#organization\",\"name\":\"OH yei!\u00ae\",\"url\":\"https:\\\/\\\/ohyeicr.com\\\/shop\\\/\",\"logo\":{\"@type\":\"ImageObject\",\"inLanguage\":\"es\",\"@id\":\"https:\\\/\\\/ohyeicr.com\\\/shop\\\/#\\\/schema\\\/logo\\\/image\\\/\",\"url\":\"https:\\\/\\\/i0.wp.com\\\/ohyeicr.com\\\/shop\\\/wp-content\\\/uploads\\\/2020\\\/03\\\/logo-ohyei-web.png?fit=350%2C350&ssl=1\",\"contentUrl\":\"https:\\\/\\\/i0.wp.com\\\/ohyeicr.com\\\/shop\\\/wp-content\\\/uploads\\\/2020\\\/03\\\/logo-ohyei-web.png?fit=350%2C350&ssl=1\",\"width\":350,\"height\":350,\"caption\":\"OH yei!\u00ae\"},\"image\":{\"@id\":\"https:\\\/\\\/ohyeicr.com\\\/shop\\\/#\\\/schema\\\/logo\\\/image\\\/\"}}]}<\/script>\n<!-- \/ Yoast SEO plugin. -->","yoast_head_json":{"title":"Caja sorpresa DIA DEL NI\u00d1O - OH yei!","robots":{"index":"index","follow":"follow","max-snippet":"max-snippet:-1","max-image-preview":"max-image-preview:large","max-video-preview":"max-video-preview:-1"},"canonical":"https:\/\/ohyeicr.com\/shop\/producto\/caja-sorpresa-dia-del-nino\/","og_locale":"es_ES","og_type":"article","og_title":"Caja sorpresa DIA DEL NI\u00d1O - OH yei!","og_url":"https:\/\/ohyeicr.com\/shop\/producto\/caja-sorpresa-dia-del-nino\/","og_site_name":"OH yei!","article_modified_time":"2024-10-11T02:27:49+00:00","og_image":[{"width":1920,"height":2560,"url":"https:\/\/ohyeicr.com\/shop\/wp-content\/uploads\/2024\/09\/IMG_4318-scaled.jpg","type":"image\/jpeg"}],"twitter_card":"summary_large_image","twitter_misc":{"Tiempo de lectura":"1 minuto"},"schema":{"@context":"https:\/\/schema.org","@graph":[{"@type":"WebPage","@id":"https:\/\/ohyeicr.com\/shop\/producto\/caja-sorpresa-dia-del-nino\/","url":"https:\/\/ohyeicr.com\/shop\/producto\/caja-sorpresa-dia-del-nino\/","name":"Caja sorpresa DIA DEL NI\u00d1O - OH yei!","isPartOf":{"@id":"https:\/\/ohyeicr.com\/shop\/#website"},"primaryImageOfPage":{"@id":"https:\/\/ohyeicr.com\/shop\/producto\/caja-sorpresa-dia-del-nino\/#primaryimage"},"image":{"@id":"https:\/\/ohyeicr.com\/shop\/producto\/caja-sorpresa-dia-del-nino\/#primaryimage"},"thumbnailUrl":"https:\/\/i0.wp.com\/ohyeicr.com\/shop\/wp-content\/uploads\/2024\/09\/IMG_4318-scaled.jpg?fit=1920%2C2560&ssl=1","datePublished":"2024-09-04T23:31:34+00:00","dateModified":"2024-10-11T02:27:49+00:00","breadcrumb":{"@id":"https:\/\/ohyeicr.com\/shop\/producto\/caja-sorpresa-dia-del-nino\/#breadcrumb"},"inLanguage":"es","potentialAction":[{"@type":"ReadAction","target":["https:\/\/ohyeicr.com\/shop\/producto\/caja-sorpresa-dia-del-nino\/"]}]},{"@type":"ImageObject","inLanguage":"es","@id":"https:\/\/ohyeicr.com\/shop\/producto\/caja-sorpresa-dia-del-nino\/#primaryimage","url":"https:\/\/i0.wp.com\/ohyeicr.com\/shop\/wp-content\/uploads\/2024\/09\/IMG_4318-scaled.jpg?fit=1920%2C2560&ssl=1","contentUrl":"https:\/\/i0.wp.com\/ohyeicr.com\/shop\/wp-content\/uploads\/2024\/09\/IMG_4318-scaled.jpg?fit=1920%2C2560&ssl=1","width":1920,"height":2560,"caption":"caja-sorpresa-dia-del-ni\u00f1o"},{"@type":"BreadcrumbList","@id":"https:\/\/ohyeicr.com\/shop\/producto\/caja-sorpresa-dia-del-nino\/#breadcrumb","itemListElement":[{"@type":"ListItem","position":1,"name":"Portada","item":"https:\/\/ohyeicr.com\/shop\/"},{"@type":"ListItem","position":2,"name":"Tienda","item":"https:\/\/ohyeicr.com\/shop\/tienda\/"},{"@type":"ListItem","position":3,"name":"Caja sorpresa DIA DEL NI\u00d1O"}]},{"@type":"WebSite","@id":"https:\/\/ohyeicr.com\/shop\/#website","url":"https:\/\/ohyeicr.com\/shop\/","name":"OH yei!","description":"Detalles que hacen sonreir!!","publisher":{"@id":"https:\/\/ohyeicr.com\/shop\/#organization"},"potentialAction":[{"@type":"SearchAction","target":{"@type":"EntryPoint","urlTemplate":"https:\/\/ohyeicr.com\/shop\/?s={search_term_string}"},"query-input":{"@type":"PropertyValueSpecification","valueRequired":true,"valueName":"search_term_string"}}],"inLanguage":"es"},{"@type":"Organization","@id":"https:\/\/ohyeicr.com\/shop\/#organization","name":"OH yei!\u00ae","url":"https:\/\/ohyeicr.com\/shop\/","logo":{"@type":"ImageObject","inLanguage":"es","@id":"https:\/\/ohyeicr.com\/shop\/#\/schema\/logo\/image\/","url":"https:\/\/i0.wp.com\/ohyeicr.com\/shop\/wp-content\/uploads\/2020\/03\/logo-ohyei-web.png?fit=350%2C350&ssl=1","contentUrl":"https:\/\/i0.wp.com\/ohyeicr.com\/shop\/wp-content\/uploads\/2020\/03\/logo-ohyei-web.png?fit=350%2C350&ssl=1","width":350,"height":350,"caption":"OH yei!\u00ae"},"image":{"@id":"https:\/\/ohyeicr.com\/shop\/#\/schema\/logo\/image\/"}}]}},"jetpack_publicize_connections":[],"jetpack_sharing_enabled":true,"_links":{"self":[{"href":"https:\/\/ohyeicr.com\/shop\/wp-json\/wp\/v2\/product\/2035","targetHints":{"allow":["GET"]}}],"collection":[{"href":"https:\/\/ohyeicr.com\/shop\/wp-json\/wp\/v2\/product"}],"about":[{"href":"https:\/\/ohyeicr.com\/shop\/wp-json\/wp\/v2\/types\/product"}],"replies":[{"embeddable":true,"href":"https:\/\/ohyeicr.com\/shop\/wp-json\/wp\/v2\/comments?post=2035"}],"wp:featuredmedia":[{"embeddable":true,"href":"https:\/\/ohyeicr.com\/shop\/wp-json\/wp\/v2\/media\/2036"}],"wp:attachment":[{"href":"https:\/\/ohyeicr.com\/shop\/wp-json\/wp\/v2\/media?parent=2035"}],"wp:term":[{"taxonomy":"product_brand","embeddable":true,"href":"https:\/\/ohyeicr.com\/shop\/wp-json\/wp\/v2\/product_brand?post=2035"},{"taxonomy":"product_cat","embeddable":true,"href":"https:\/\/ohyeicr.com\/shop\/wp-json\/wp\/v2\/product_cat?post=2035"},{"taxonomy":"product_tag","embeddable":true,"href":"https:\/\/ohyeicr.com\/shop\/wp-json\/wp\/v2\/product_tag?post=2035"}],"curies":[{"name":"wp","href":"https:\/\/api.w.org\/{rel}","templated":true}]}}