{"id":2064,"date":"2025-02-10T22:16:28","date_gmt":"2025-02-11T04:16:28","guid":{"rendered":"https:\/\/ohyeicr.com\/shop\/?post_type=product&#038;p=2064"},"modified":"2025-02-28T10:55:24","modified_gmt":"2025-02-28T16:55:24","slug":"paquete-galentine","status":"publish","type":"product","link":"https:\/\/ohyeicr.com\/shop\/producto\/paquete-galentine\/","title":{"rendered":"Paquete GALENTINE"},"content":{"rendered":"<p>El paquete GALENTINE perfecto para decorar esa ocasi\u00f3n especial con las amigas. Una guirnalda doble, una de lazos satinados blancos y otra de lazos en cart\u00f3n metalizados rosas. Adem\u00e1s un kit de 4 lazos rosas satinados para las copas o candelabros.<\/p>\n","protected":false},"excerpt":{"rendered":"<p><img loading=\"lazy\" decoding=\"async\" class=\"alignleft wp-image-2066 size-large\" src=\"https:\/\/ohyeicr.com\/shop\/wp-content\/uploads\/2025\/02\/guirnalda-rosa-4lazos-W-768x1024.jpg\" alt=\"\" width=\"768\" height=\"1024\" srcset=\"https:\/\/i0.wp.com\/ohyeicr.com\/shop\/wp-content\/uploads\/2025\/02\/guirnalda-rosa-4lazos-W.jpg?resize=768%2C1024&amp;ssl=1 768w, https:\/\/i0.wp.com\/ohyeicr.com\/shop\/wp-content\/uploads\/2025\/02\/guirnalda-rosa-4lazos-W.jpg?resize=225%2C300&amp;ssl=1 225w, https:\/\/i0.wp.com\/ohyeicr.com\/shop\/wp-content\/uploads\/2025\/02\/guirnalda-rosa-4lazos-W.jpg?resize=1152%2C1536&amp;ssl=1 1152w, https:\/\/i0.wp.com\/ohyeicr.com\/shop\/wp-content\/uploads\/2025\/02\/guirnalda-rosa-4lazos-W.jpg?resize=416%2C555&amp;ssl=1 416w, https:\/\/i0.wp.com\/ohyeicr.com\/shop\/wp-content\/uploads\/2025\/02\/guirnalda-rosa-4lazos-W.jpg?resize=45%2C60&amp;ssl=1 45w, https:\/\/i0.wp.com\/ohyeicr.com\/shop\/wp-content\/uploads\/2025\/02\/guirnalda-rosa-4lazos-W.jpg?resize=68%2C90&amp;ssl=1 68w, https:\/\/i0.wp.com\/ohyeicr.com\/shop\/wp-content\/uploads\/2025\/02\/guirnalda-rosa-4lazos-W.jpg?w=1500&amp;ssl=1 1500w\" sizes=\"auto, (max-width: 768px) 100vw, 768px\" \/><\/p>\n","protected":false},"featured_media":2065,"comment_status":"open","ping_status":"closed","template":"","meta":{"nf_dc_page":"","om_disable_all_campaigns":false,"_monsterinsights_skip_tracking":false,"_monsterinsights_sitenote_active":false,"_monsterinsights_sitenote_note":"","_monsterinsights_sitenote_category":0,"jetpack_post_was_ever_published":false,"jetpack_publicize_message":"","jetpack_publicize_feature_enabled":true,"jetpack_social_post_already_shared":true,"jetpack_social_options":{"image_generator_settings":{"template":"highway","default_image_id":0,"font":"","enabled":false},"version":2}},"product_brand":[],"product_cat":[72,47],"product_tag":[34],"class_list":{"0":"post-2064","1":"product","2":"type-product","3":"status-publish","4":"has-post-thumbnail","6":"product_cat-festividades","7":"product_cat-sn-valentin","8":"product_tag-decoracion","10":"first","11":"instock","12":"shipping-taxable","13":"purchasable","14":"product-type-simple"},"yoast_head":"<!-- This site is optimized with the Yoast SEO plugin v27.4 - https:\/\/yoast.com\/product\/yoast-seo-wordpress\/ -->\n<title>Paquete GALENTINE - OH yei!<\/title>\n<meta name=\"robots\" content=\"index, follow, max-snippet:-1, max-image-preview:large, max-video-preview:-1\" \/>\n<link rel=\"canonical\" href=\"https:\/\/ohyeicr.com\/shop\/producto\/paquete-galentine\/\" \/>\n<meta property=\"og:locale\" content=\"es_ES\" \/>\n<meta property=\"og:type\" content=\"article\" \/>\n<meta property=\"og:title\" content=\"Paquete GALENTINE - OH yei!\" \/>\n<meta property=\"og:url\" content=\"https:\/\/ohyeicr.com\/shop\/producto\/paquete-galentine\/\" \/>\n<meta property=\"og:site_name\" content=\"OH yei!\" \/>\n<meta property=\"article:modified_time\" content=\"2025-02-28T16:55:24+00:00\" \/>\n<meta property=\"og:image\" content=\"https:\/\/ohyeicr.com\/shop\/wp-content\/uploads\/2025\/02\/guirnalda-rosa-lazo-W-1024x1024.jpg\" \/>\n\t<meta property=\"og:image:width\" content=\"1024\" \/>\n\t<meta property=\"og:image:height\" content=\"1024\" \/>\n\t<meta property=\"og:image:type\" content=\"image\/jpeg\" \/>\n<meta name=\"twitter:card\" content=\"summary_large_image\" \/>\n<script type=\"application\/ld+json\" class=\"yoast-schema-graph\">{\"@context\":\"https:\\\/\\\/schema.org\",\"@graph\":[{\"@type\":\"WebPage\",\"@id\":\"https:\\\/\\\/ohyeicr.com\\\/shop\\\/producto\\\/paquete-galentine\\\/\",\"url\":\"https:\\\/\\\/ohyeicr.com\\\/shop\\\/producto\\\/paquete-galentine\\\/\",\"name\":\"Paquete GALENTINE - OH yei!\",\"isPartOf\":{\"@id\":\"https:\\\/\\\/ohyeicr.com\\\/shop\\\/#website\"},\"primaryImageOfPage\":{\"@id\":\"https:\\\/\\\/ohyeicr.com\\\/shop\\\/producto\\\/paquete-galentine\\\/#primaryimage\"},\"image\":{\"@id\":\"https:\\\/\\\/ohyeicr.com\\\/shop\\\/producto\\\/paquete-galentine\\\/#primaryimage\"},\"thumbnailUrl\":\"https:\\\/\\\/i0.wp.com\\\/ohyeicr.com\\\/shop\\\/wp-content\\\/uploads\\\/2025\\\/02\\\/guirnalda-rosa-lazo-W.jpg?fit=2000%2C2000&ssl=1\",\"datePublished\":\"2025-02-11T04:16:28+00:00\",\"dateModified\":\"2025-02-28T16:55:24+00:00\",\"breadcrumb\":{\"@id\":\"https:\\\/\\\/ohyeicr.com\\\/shop\\\/producto\\\/paquete-galentine\\\/#breadcrumb\"},\"inLanguage\":\"es\",\"potentialAction\":[{\"@type\":\"ReadAction\",\"target\":[\"https:\\\/\\\/ohyeicr.com\\\/shop\\\/producto\\\/paquete-galentine\\\/\"]}]},{\"@type\":\"ImageObject\",\"inLanguage\":\"es\",\"@id\":\"https:\\\/\\\/ohyeicr.com\\\/shop\\\/producto\\\/paquete-galentine\\\/#primaryimage\",\"url\":\"https:\\\/\\\/i0.wp.com\\\/ohyeicr.com\\\/shop\\\/wp-content\\\/uploads\\\/2025\\\/02\\\/guirnalda-rosa-lazo-W.jpg?fit=2000%2C2000&ssl=1\",\"contentUrl\":\"https:\\\/\\\/i0.wp.com\\\/ohyeicr.com\\\/shop\\\/wp-content\\\/uploads\\\/2025\\\/02\\\/guirnalda-rosa-lazo-W.jpg?fit=2000%2C2000&ssl=1\",\"width\":2000,\"height\":2000},{\"@type\":\"BreadcrumbList\",\"@id\":\"https:\\\/\\\/ohyeicr.com\\\/shop\\\/producto\\\/paquete-galentine\\\/#breadcrumb\",\"itemListElement\":[{\"@type\":\"ListItem\",\"position\":1,\"name\":\"Portada\",\"item\":\"https:\\\/\\\/ohyeicr.com\\\/shop\\\/\"},{\"@type\":\"ListItem\",\"position\":2,\"name\":\"Tienda\",\"item\":\"https:\\\/\\\/ohyeicr.com\\\/shop\\\/tienda\\\/\"},{\"@type\":\"ListItem\",\"position\":3,\"name\":\"Paquete GALENTINE\"}]},{\"@type\":\"WebSite\",\"@id\":\"https:\\\/\\\/ohyeicr.com\\\/shop\\\/#website\",\"url\":\"https:\\\/\\\/ohyeicr.com\\\/shop\\\/\",\"name\":\"OH yei!\",\"description\":\"Detalles que hacen sonreir!!\",\"publisher\":{\"@id\":\"https:\\\/\\\/ohyeicr.com\\\/shop\\\/#organization\"},\"potentialAction\":[{\"@type\":\"SearchAction\",\"target\":{\"@type\":\"EntryPoint\",\"urlTemplate\":\"https:\\\/\\\/ohyeicr.com\\\/shop\\\/?s={search_term_string}\"},\"query-input\":{\"@type\":\"PropertyValueSpecification\",\"valueRequired\":true,\"valueName\":\"search_term_string\"}}],\"inLanguage\":\"es\"},{\"@type\":\"Organization\",\"@id\":\"https:\\\/\\\/ohyeicr.com\\\/shop\\\/#organization\",\"name\":\"OH yei!\u00ae\",\"url\":\"https:\\\/\\\/ohyeicr.com\\\/shop\\\/\",\"logo\":{\"@type\":\"ImageObject\",\"inLanguage\":\"es\",\"@id\":\"https:\\\/\\\/ohyeicr.com\\\/shop\\\/#\\\/schema\\\/logo\\\/image\\\/\",\"url\":\"https:\\\/\\\/i0.wp.com\\\/ohyeicr.com\\\/shop\\\/wp-content\\\/uploads\\\/2020\\\/03\\\/logo-ohyei-web.png?fit=350%2C350&ssl=1\",\"contentUrl\":\"https:\\\/\\\/i0.wp.com\\\/ohyeicr.com\\\/shop\\\/wp-content\\\/uploads\\\/2020\\\/03\\\/logo-ohyei-web.png?fit=350%2C350&ssl=1\",\"width\":350,\"height\":350,\"caption\":\"OH yei!\u00ae\"},\"image\":{\"@id\":\"https:\\\/\\\/ohyeicr.com\\\/shop\\\/#\\\/schema\\\/logo\\\/image\\\/\"}}]}<\/script>\n<!-- \/ Yoast SEO plugin. -->","yoast_head_json":{"title":"Paquete GALENTINE - OH yei!","robots":{"index":"index","follow":"follow","max-snippet":"max-snippet:-1","max-image-preview":"max-image-preview:large","max-video-preview":"max-video-preview:-1"},"canonical":"https:\/\/ohyeicr.com\/shop\/producto\/paquete-galentine\/","og_locale":"es_ES","og_type":"article","og_title":"Paquete GALENTINE - OH yei!","og_url":"https:\/\/ohyeicr.com\/shop\/producto\/paquete-galentine\/","og_site_name":"OH yei!","article_modified_time":"2025-02-28T16:55:24+00:00","og_image":[{"width":1024,"height":1024,"url":"https:\/\/ohyeicr.com\/shop\/wp-content\/uploads\/2025\/02\/guirnalda-rosa-lazo-W-1024x1024.jpg","type":"image\/jpeg"}],"twitter_card":"summary_large_image","schema":{"@context":"https:\/\/schema.org","@graph":[{"@type":"WebPage","@id":"https:\/\/ohyeicr.com\/shop\/producto\/paquete-galentine\/","url":"https:\/\/ohyeicr.com\/shop\/producto\/paquete-galentine\/","name":"Paquete GALENTINE - OH yei!","isPartOf":{"@id":"https:\/\/ohyeicr.com\/shop\/#website"},"primaryImageOfPage":{"@id":"https:\/\/ohyeicr.com\/shop\/producto\/paquete-galentine\/#primaryimage"},"image":{"@id":"https:\/\/ohyeicr.com\/shop\/producto\/paquete-galentine\/#primaryimage"},"thumbnailUrl":"https:\/\/i0.wp.com\/ohyeicr.com\/shop\/wp-content\/uploads\/2025\/02\/guirnalda-rosa-lazo-W.jpg?fit=2000%2C2000&ssl=1","datePublished":"2025-02-11T04:16:28+00:00","dateModified":"2025-02-28T16:55:24+00:00","breadcrumb":{"@id":"https:\/\/ohyeicr.com\/shop\/producto\/paquete-galentine\/#breadcrumb"},"inLanguage":"es","potentialAction":[{"@type":"ReadAction","target":["https:\/\/ohyeicr.com\/shop\/producto\/paquete-galentine\/"]}]},{"@type":"ImageObject","inLanguage":"es","@id":"https:\/\/ohyeicr.com\/shop\/producto\/paquete-galentine\/#primaryimage","url":"https:\/\/i0.wp.com\/ohyeicr.com\/shop\/wp-content\/uploads\/2025\/02\/guirnalda-rosa-lazo-W.jpg?fit=2000%2C2000&ssl=1","contentUrl":"https:\/\/i0.wp.com\/ohyeicr.com\/shop\/wp-content\/uploads\/2025\/02\/guirnalda-rosa-lazo-W.jpg?fit=2000%2C2000&ssl=1","width":2000,"height":2000},{"@type":"BreadcrumbList","@id":"https:\/\/ohyeicr.com\/shop\/producto\/paquete-galentine\/#breadcrumb","itemListElement":[{"@type":"ListItem","position":1,"name":"Portada","item":"https:\/\/ohyeicr.com\/shop\/"},{"@type":"ListItem","position":2,"name":"Tienda","item":"https:\/\/ohyeicr.com\/shop\/tienda\/"},{"@type":"ListItem","position":3,"name":"Paquete GALENTINE"}]},{"@type":"WebSite","@id":"https:\/\/ohyeicr.com\/shop\/#website","url":"https:\/\/ohyeicr.com\/shop\/","name":"OH yei!","description":"Detalles que hacen sonreir!!","publisher":{"@id":"https:\/\/ohyeicr.com\/shop\/#organization"},"potentialAction":[{"@type":"SearchAction","target":{"@type":"EntryPoint","urlTemplate":"https:\/\/ohyeicr.com\/shop\/?s={search_term_string}"},"query-input":{"@type":"PropertyValueSpecification","valueRequired":true,"valueName":"search_term_string"}}],"inLanguage":"es"},{"@type":"Organization","@id":"https:\/\/ohyeicr.com\/shop\/#organization","name":"OH yei!\u00ae","url":"https:\/\/ohyeicr.com\/shop\/","logo":{"@type":"ImageObject","inLanguage":"es","@id":"https:\/\/ohyeicr.com\/shop\/#\/schema\/logo\/image\/","url":"https:\/\/i0.wp.com\/ohyeicr.com\/shop\/wp-content\/uploads\/2020\/03\/logo-ohyei-web.png?fit=350%2C350&ssl=1","contentUrl":"https:\/\/i0.wp.com\/ohyeicr.com\/shop\/wp-content\/uploads\/2020\/03\/logo-ohyei-web.png?fit=350%2C350&ssl=1","width":350,"height":350,"caption":"OH yei!\u00ae"},"image":{"@id":"https:\/\/ohyeicr.com\/shop\/#\/schema\/logo\/image\/"}}]}},"jetpack_publicize_connections":[],"jetpack_sharing_enabled":true,"_links":{"self":[{"href":"https:\/\/ohyeicr.com\/shop\/wp-json\/wp\/v2\/product\/2064","targetHints":{"allow":["GET"]}}],"collection":[{"href":"https:\/\/ohyeicr.com\/shop\/wp-json\/wp\/v2\/product"}],"about":[{"href":"https:\/\/ohyeicr.com\/shop\/wp-json\/wp\/v2\/types\/product"}],"replies":[{"embeddable":true,"href":"https:\/\/ohyeicr.com\/shop\/wp-json\/wp\/v2\/comments?post=2064"}],"wp:featuredmedia":[{"embeddable":true,"href":"https:\/\/ohyeicr.com\/shop\/wp-json\/wp\/v2\/media\/2065"}],"wp:attachment":[{"href":"https:\/\/ohyeicr.com\/shop\/wp-json\/wp\/v2\/media?parent=2064"}],"wp:term":[{"taxonomy":"product_brand","embeddable":true,"href":"https:\/\/ohyeicr.com\/shop\/wp-json\/wp\/v2\/product_brand?post=2064"},{"taxonomy":"product_cat","embeddable":true,"href":"https:\/\/ohyeicr.com\/shop\/wp-json\/wp\/v2\/product_cat?post=2064"},{"taxonomy":"product_tag","embeddable":true,"href":"https:\/\/ohyeicr.com\/shop\/wp-json\/wp\/v2\/product_tag?post=2064"}],"curies":[{"name":"wp","href":"https:\/\/api.w.org\/{rel}","templated":true}]}}