{"id":380,"date":"2017-05-27T20:10:38","date_gmt":"2017-05-28T02:10:38","guid":{"rendered":"http:\/\/ohyeicr.com\/?post_type=product&#038;p=380"},"modified":"2023-12-20T00:53:54","modified_gmt":"2023-12-20T06:53:54","slug":"can-cooler-3","status":"publish","type":"product","link":"https:\/\/ohyeicr.com\/shop\/producto\/can-cooler-3\/","title":{"rendered":"CAN COOLER"},"content":{"rendered":"<p>Can cooler con leyenda: TATA QUE SE RESPETA SE MANTIENE COOL.<br \/>\nIdeal para los pap\u00e1s m\u00e1s cool puedan disfrutar su bebida fresca. Sorprende a pap\u00e1 con un detalle diferente.<\/p>\n<p>Colores disponibles: verde y azul.<\/p>\n<p>Tama\u00f1o gen\u00e9rico para lata convencional de soda en lata.<br \/>\nMaterial foam con protecci\u00f3n especial interior.<\/p>\n","protected":false},"excerpt":{"rendered":"<p>Can cooler con leyenda: TATA QUE SE RESPETA SE MANTIENE COOL. Ideal para los pap\u00e1s m\u00e1s cool puedan disfrutar su bebida fresca. Sorprende a pap\u00e1 con un detalle diferente. Colores disponibles: verde y azul. Tama\u00f1o gen\u00e9rico para lata convencional de soda en lata. Material foam con protecci\u00f3n especial interior.<\/p>\n","protected":false},"featured_media":381,"comment_status":"open","ping_status":"closed","template":"","meta":{"nf_dc_page":"","om_disable_all_campaigns":false,"_monsterinsights_skip_tracking":false,"_monsterinsights_sitenote_active":false,"_monsterinsights_sitenote_note":"","_monsterinsights_sitenote_category":0,"jetpack_post_was_ever_published":false,"jetpack_publicize_message":"","jetpack_publicize_feature_enabled":true,"jetpack_social_post_already_shared":false,"jetpack_social_options":{"image_generator_settings":{"template":"highway","default_image_id":0,"font":"","enabled":false},"version":2}},"product_brand":[],"product_cat":[40,39,46,65,18,47],"product_tag":[19],"class_list":{"0":"post-380","1":"product","2":"type-product","3":"status-publish","4":"has-post-thumbnail","6":"product_cat-detalles","7":"product_cat-souvenirs","8":"product_cat-navidad","9":"product_cat-outlet","10":"product_cat-regalos-para-papa","11":"product_cat-sn-valentin","12":"product_tag-can-cooler","14":"first","15":"instock","16":"featured","17":"shipping-taxable","18":"purchasable","19":"product-type-variable"},"yoast_head":"<!-- This site is optimized with the Yoast SEO plugin v27.4 - https:\/\/yoast.com\/product\/yoast-seo-wordpress\/ -->\n<title>CAN COOLER - OH yei!<\/title>\n<meta name=\"robots\" content=\"index, follow, max-snippet:-1, max-image-preview:large, max-video-preview:-1\" \/>\n<link rel=\"canonical\" href=\"https:\/\/ohyeicr.com\/shop\/producto\/can-cooler-3\/\" \/>\n<meta property=\"og:locale\" content=\"es_ES\" \/>\n<meta property=\"og:type\" content=\"article\" \/>\n<meta property=\"og:title\" content=\"CAN COOLER - OH yei!\" \/>\n<meta property=\"og:description\" content=\"Can cooler con leyenda: TATA QUE SE RESPETA SE MANTIENE COOL. Ideal para los pap\u00e1s m\u00e1s cool puedan disfrutar su bebida fresca. Sorprende a pap\u00e1 con un detalle diferente. Colores disponibles: verde y azul. Tama\u00f1o gen\u00e9rico para lata convencional de soda en lata. Material foam con protecci\u00f3n especial interior.\" \/>\n<meta property=\"og:url\" content=\"https:\/\/ohyeicr.com\/shop\/producto\/can-cooler-3\/\" \/>\n<meta property=\"og:site_name\" content=\"OH yei!\" \/>\n<meta property=\"article:modified_time\" content=\"2023-12-20T06:53:54+00:00\" \/>\n<meta property=\"og:image\" content=\"https:\/\/ohyeicr.com\/shop\/wp-content\/uploads\/2017\/05\/can-cooler-tata-azul-OH-yei.jpg\" \/>\n\t<meta property=\"og:image:width\" content=\"1435\" \/>\n\t<meta property=\"og:image:height\" content=\"1435\" \/>\n\t<meta property=\"og:image:type\" content=\"image\/jpeg\" \/>\n<meta name=\"twitter:card\" content=\"summary_large_image\" \/>\n<meta name=\"twitter:label1\" content=\"Tiempo de lectura\" \/>\n\t<meta name=\"twitter:data1\" content=\"1 minuto\" \/>\n<script type=\"application\/ld+json\" class=\"yoast-schema-graph\">{\"@context\":\"https:\\\/\\\/schema.org\",\"@graph\":[{\"@type\":\"WebPage\",\"@id\":\"https:\\\/\\\/ohyeicr.com\\\/shop\\\/producto\\\/can-cooler-3\\\/\",\"url\":\"https:\\\/\\\/ohyeicr.com\\\/shop\\\/producto\\\/can-cooler-3\\\/\",\"name\":\"CAN COOLER - OH yei!\",\"isPartOf\":{\"@id\":\"https:\\\/\\\/ohyeicr.com\\\/shop\\\/#website\"},\"primaryImageOfPage\":{\"@id\":\"https:\\\/\\\/ohyeicr.com\\\/shop\\\/producto\\\/can-cooler-3\\\/#primaryimage\"},\"image\":{\"@id\":\"https:\\\/\\\/ohyeicr.com\\\/shop\\\/producto\\\/can-cooler-3\\\/#primaryimage\"},\"thumbnailUrl\":\"https:\\\/\\\/i0.wp.com\\\/ohyeicr.com\\\/shop\\\/wp-content\\\/uploads\\\/2017\\\/05\\\/can-cooler-tata-azul-OH-yei.jpg?fit=1435%2C1435&ssl=1\",\"datePublished\":\"2017-05-28T02:10:38+00:00\",\"dateModified\":\"2023-12-20T06:53:54+00:00\",\"breadcrumb\":{\"@id\":\"https:\\\/\\\/ohyeicr.com\\\/shop\\\/producto\\\/can-cooler-3\\\/#breadcrumb\"},\"inLanguage\":\"es\",\"potentialAction\":[{\"@type\":\"ReadAction\",\"target\":[\"https:\\\/\\\/ohyeicr.com\\\/shop\\\/producto\\\/can-cooler-3\\\/\"]}]},{\"@type\":\"ImageObject\",\"inLanguage\":\"es\",\"@id\":\"https:\\\/\\\/ohyeicr.com\\\/shop\\\/producto\\\/can-cooler-3\\\/#primaryimage\",\"url\":\"https:\\\/\\\/i0.wp.com\\\/ohyeicr.com\\\/shop\\\/wp-content\\\/uploads\\\/2017\\\/05\\\/can-cooler-tata-azul-OH-yei.jpg?fit=1435%2C1435&ssl=1\",\"contentUrl\":\"https:\\\/\\\/i0.wp.com\\\/ohyeicr.com\\\/shop\\\/wp-content\\\/uploads\\\/2017\\\/05\\\/can-cooler-tata-azul-OH-yei.jpg?fit=1435%2C1435&ssl=1\",\"width\":1435,\"height\":1435,\"caption\":\"tata-costa-rica\"},{\"@type\":\"BreadcrumbList\",\"@id\":\"https:\\\/\\\/ohyeicr.com\\\/shop\\\/producto\\\/can-cooler-3\\\/#breadcrumb\",\"itemListElement\":[{\"@type\":\"ListItem\",\"position\":1,\"name\":\"Portada\",\"item\":\"https:\\\/\\\/ohyeicr.com\\\/shop\\\/\"},{\"@type\":\"ListItem\",\"position\":2,\"name\":\"Tienda\",\"item\":\"https:\\\/\\\/ohyeicr.com\\\/shop\\\/tienda\\\/\"},{\"@type\":\"ListItem\",\"position\":3,\"name\":\"CAN COOLER\"}]},{\"@type\":\"WebSite\",\"@id\":\"https:\\\/\\\/ohyeicr.com\\\/shop\\\/#website\",\"url\":\"https:\\\/\\\/ohyeicr.com\\\/shop\\\/\",\"name\":\"OH yei!\",\"description\":\"Detalles que hacen sonreir!!\",\"publisher\":{\"@id\":\"https:\\\/\\\/ohyeicr.com\\\/shop\\\/#organization\"},\"potentialAction\":[{\"@type\":\"SearchAction\",\"target\":{\"@type\":\"EntryPoint\",\"urlTemplate\":\"https:\\\/\\\/ohyeicr.com\\\/shop\\\/?s={search_term_string}\"},\"query-input\":{\"@type\":\"PropertyValueSpecification\",\"valueRequired\":true,\"valueName\":\"search_term_string\"}}],\"inLanguage\":\"es\"},{\"@type\":\"Organization\",\"@id\":\"https:\\\/\\\/ohyeicr.com\\\/shop\\\/#organization\",\"name\":\"OH yei!\u00ae\",\"url\":\"https:\\\/\\\/ohyeicr.com\\\/shop\\\/\",\"logo\":{\"@type\":\"ImageObject\",\"inLanguage\":\"es\",\"@id\":\"https:\\\/\\\/ohyeicr.com\\\/shop\\\/#\\\/schema\\\/logo\\\/image\\\/\",\"url\":\"https:\\\/\\\/i0.wp.com\\\/ohyeicr.com\\\/shop\\\/wp-content\\\/uploads\\\/2020\\\/03\\\/logo-ohyei-web.png?fit=350%2C350&ssl=1\",\"contentUrl\":\"https:\\\/\\\/i0.wp.com\\\/ohyeicr.com\\\/shop\\\/wp-content\\\/uploads\\\/2020\\\/03\\\/logo-ohyei-web.png?fit=350%2C350&ssl=1\",\"width\":350,\"height\":350,\"caption\":\"OH yei!\u00ae\"},\"image\":{\"@id\":\"https:\\\/\\\/ohyeicr.com\\\/shop\\\/#\\\/schema\\\/logo\\\/image\\\/\"}}]}<\/script>\n<!-- \/ Yoast SEO plugin. -->","yoast_head_json":{"title":"CAN COOLER - OH yei!","robots":{"index":"index","follow":"follow","max-snippet":"max-snippet:-1","max-image-preview":"max-image-preview:large","max-video-preview":"max-video-preview:-1"},"canonical":"https:\/\/ohyeicr.com\/shop\/producto\/can-cooler-3\/","og_locale":"es_ES","og_type":"article","og_title":"CAN COOLER - OH yei!","og_description":"Can cooler con leyenda: TATA QUE SE RESPETA SE MANTIENE COOL. Ideal para los pap\u00e1s m\u00e1s cool puedan disfrutar su bebida fresca. Sorprende a pap\u00e1 con un detalle diferente. Colores disponibles: verde y azul. Tama\u00f1o gen\u00e9rico para lata convencional de soda en lata. Material foam con protecci\u00f3n especial interior.","og_url":"https:\/\/ohyeicr.com\/shop\/producto\/can-cooler-3\/","og_site_name":"OH yei!","article_modified_time":"2023-12-20T06:53:54+00:00","og_image":[{"width":1435,"height":1435,"url":"https:\/\/ohyeicr.com\/shop\/wp-content\/uploads\/2017\/05\/can-cooler-tata-azul-OH-yei.jpg","type":"image\/jpeg"}],"twitter_card":"summary_large_image","twitter_misc":{"Tiempo de lectura":"1 minuto"},"schema":{"@context":"https:\/\/schema.org","@graph":[{"@type":"WebPage","@id":"https:\/\/ohyeicr.com\/shop\/producto\/can-cooler-3\/","url":"https:\/\/ohyeicr.com\/shop\/producto\/can-cooler-3\/","name":"CAN COOLER - OH yei!","isPartOf":{"@id":"https:\/\/ohyeicr.com\/shop\/#website"},"primaryImageOfPage":{"@id":"https:\/\/ohyeicr.com\/shop\/producto\/can-cooler-3\/#primaryimage"},"image":{"@id":"https:\/\/ohyeicr.com\/shop\/producto\/can-cooler-3\/#primaryimage"},"thumbnailUrl":"https:\/\/i0.wp.com\/ohyeicr.com\/shop\/wp-content\/uploads\/2017\/05\/can-cooler-tata-azul-OH-yei.jpg?fit=1435%2C1435&ssl=1","datePublished":"2017-05-28T02:10:38+00:00","dateModified":"2023-12-20T06:53:54+00:00","breadcrumb":{"@id":"https:\/\/ohyeicr.com\/shop\/producto\/can-cooler-3\/#breadcrumb"},"inLanguage":"es","potentialAction":[{"@type":"ReadAction","target":["https:\/\/ohyeicr.com\/shop\/producto\/can-cooler-3\/"]}]},{"@type":"ImageObject","inLanguage":"es","@id":"https:\/\/ohyeicr.com\/shop\/producto\/can-cooler-3\/#primaryimage","url":"https:\/\/i0.wp.com\/ohyeicr.com\/shop\/wp-content\/uploads\/2017\/05\/can-cooler-tata-azul-OH-yei.jpg?fit=1435%2C1435&ssl=1","contentUrl":"https:\/\/i0.wp.com\/ohyeicr.com\/shop\/wp-content\/uploads\/2017\/05\/can-cooler-tata-azul-OH-yei.jpg?fit=1435%2C1435&ssl=1","width":1435,"height":1435,"caption":"tata-costa-rica"},{"@type":"BreadcrumbList","@id":"https:\/\/ohyeicr.com\/shop\/producto\/can-cooler-3\/#breadcrumb","itemListElement":[{"@type":"ListItem","position":1,"name":"Portada","item":"https:\/\/ohyeicr.com\/shop\/"},{"@type":"ListItem","position":2,"name":"Tienda","item":"https:\/\/ohyeicr.com\/shop\/tienda\/"},{"@type":"ListItem","position":3,"name":"CAN COOLER"}]},{"@type":"WebSite","@id":"https:\/\/ohyeicr.com\/shop\/#website","url":"https:\/\/ohyeicr.com\/shop\/","name":"OH yei!","description":"Detalles que hacen sonreir!!","publisher":{"@id":"https:\/\/ohyeicr.com\/shop\/#organization"},"potentialAction":[{"@type":"SearchAction","target":{"@type":"EntryPoint","urlTemplate":"https:\/\/ohyeicr.com\/shop\/?s={search_term_string}"},"query-input":{"@type":"PropertyValueSpecification","valueRequired":true,"valueName":"search_term_string"}}],"inLanguage":"es"},{"@type":"Organization","@id":"https:\/\/ohyeicr.com\/shop\/#organization","name":"OH yei!\u00ae","url":"https:\/\/ohyeicr.com\/shop\/","logo":{"@type":"ImageObject","inLanguage":"es","@id":"https:\/\/ohyeicr.com\/shop\/#\/schema\/logo\/image\/","url":"https:\/\/i0.wp.com\/ohyeicr.com\/shop\/wp-content\/uploads\/2020\/03\/logo-ohyei-web.png?fit=350%2C350&ssl=1","contentUrl":"https:\/\/i0.wp.com\/ohyeicr.com\/shop\/wp-content\/uploads\/2020\/03\/logo-ohyei-web.png?fit=350%2C350&ssl=1","width":350,"height":350,"caption":"OH yei!\u00ae"},"image":{"@id":"https:\/\/ohyeicr.com\/shop\/#\/schema\/logo\/image\/"}}]}},"jetpack_publicize_connections":[],"jetpack_sharing_enabled":true,"_links":{"self":[{"href":"https:\/\/ohyeicr.com\/shop\/wp-json\/wp\/v2\/product\/380","targetHints":{"allow":["GET"]}}],"collection":[{"href":"https:\/\/ohyeicr.com\/shop\/wp-json\/wp\/v2\/product"}],"about":[{"href":"https:\/\/ohyeicr.com\/shop\/wp-json\/wp\/v2\/types\/product"}],"replies":[{"embeddable":true,"href":"https:\/\/ohyeicr.com\/shop\/wp-json\/wp\/v2\/comments?post=380"}],"wp:featuredmedia":[{"embeddable":true,"href":"https:\/\/ohyeicr.com\/shop\/wp-json\/wp\/v2\/media\/381"}],"wp:attachment":[{"href":"https:\/\/ohyeicr.com\/shop\/wp-json\/wp\/v2\/media?parent=380"}],"wp:term":[{"taxonomy":"product_brand","embeddable":true,"href":"https:\/\/ohyeicr.com\/shop\/wp-json\/wp\/v2\/product_brand?post=380"},{"taxonomy":"product_cat","embeddable":true,"href":"https:\/\/ohyeicr.com\/shop\/wp-json\/wp\/v2\/product_cat?post=380"},{"taxonomy":"product_tag","embeddable":true,"href":"https:\/\/ohyeicr.com\/shop\/wp-json\/wp\/v2\/product_tag?post=380"}],"curies":[{"name":"wp","href":"https:\/\/api.w.org\/{rel}","templated":true}]}}