{"id":902,"date":"2018-02-08T20:44:56","date_gmt":"2018-02-09T02:44:56","guid":{"rendered":"http:\/\/ohyeicr.com\/shop\/?post_type=product&#038;p=902"},"modified":"2023-12-17T09:03:51","modified_gmt":"2023-12-17T15:03:51","slug":"tarjeta-divertida-hasta-lueguito","status":"publish","type":"product","link":"https:\/\/ohyeicr.com\/shop\/producto\/tarjeta-divertida-hasta-lueguito\/","title":{"rendered":"Tarjeta divertida HASTA LUEGUITO"},"content":{"rendered":"<p>Tarjeta perfecta para despedirse con cari\u00f1o tico y expresar lo tanto que vas a extra\u00f1ar a esa persona especial. Escribe un gracias, un saludo c\u00e1lido o los mejores deseos.<\/p>\n<p>Tarjeta con corte especial en texto sobre cartulina fina texturizada. Decorada con un tassel de estambre. Hoja de papel fucsia en el interior. Contiene un sobre verde menta con timbre postal decorativo.<\/p>\n","protected":false},"excerpt":{"rendered":"<p>Tarjeta perfecta para despedirse con cari\u00f1o tico y expresar lo tanto que vas a extra\u00f1ar a esa persona especial. Escribe un gracias, un saludo c\u00e1lido o los mejores deseos. Tarjeta con corte especial en texto sobre cartulina fina texturizada. Decorada con un tassel de estambre. Hoja de papel fucsia en el interior. Contiene un sobre [&hellip;]<\/p>\n","protected":false},"featured_media":903,"comment_status":"open","ping_status":"closed","template":"","meta":{"nf_dc_page":"","om_disable_all_campaigns":false,"_monsterinsights_skip_tracking":false,"_monsterinsights_sitenote_active":false,"_monsterinsights_sitenote_note":"","_monsterinsights_sitenote_category":0,"jetpack_post_was_ever_published":false,"jetpack_publicize_message":"","jetpack_publicize_feature_enabled":true,"jetpack_social_post_already_shared":true,"jetpack_social_options":{"image_generator_settings":{"template":"highway","default_image_id":0,"font":"","enabled":false},"version":2}},"product_brand":[],"product_cat":[40,39,65],"product_tag":[28,24],"class_list":{"0":"post-902","1":"product","2":"type-product","3":"status-publish","4":"has-post-thumbnail","6":"product_cat-detalles","7":"product_cat-souvenirs","8":"product_cat-outlet","9":"product_tag-souvenir","10":"product_tag-tarjeteria","12":"first","13":"instock","14":"shipping-taxable","15":"purchasable","16":"product-type-simple"},"yoast_head":"<!-- This site is optimized with the Yoast SEO plugin v27.4 - https:\/\/yoast.com\/product\/yoast-seo-wordpress\/ -->\n<title>Tarjeta divertida HASTA LUEGUITO - OH yei!<\/title>\n<meta name=\"robots\" content=\"index, follow, max-snippet:-1, max-image-preview:large, max-video-preview:-1\" \/>\n<link rel=\"canonical\" href=\"https:\/\/ohyeicr.com\/shop\/producto\/tarjeta-divertida-hasta-lueguito\/\" \/>\n<meta property=\"og:locale\" content=\"es_ES\" \/>\n<meta property=\"og:type\" content=\"article\" \/>\n<meta property=\"og:title\" content=\"Tarjeta divertida HASTA LUEGUITO - OH yei!\" \/>\n<meta property=\"og:description\" content=\"Tarjeta perfecta para despedirse con cari\u00f1o tico y expresar lo tanto que vas a extra\u00f1ar a esa persona especial. Escribe un gracias, un saludo c\u00e1lido o los mejores deseos. Tarjeta con corte especial en texto sobre cartulina fina texturizada. Decorada con un tassel de estambre. Hoja de papel fucsia en el interior. Contiene un sobre [&hellip;]\" \/>\n<meta property=\"og:url\" content=\"https:\/\/ohyeicr.com\/shop\/producto\/tarjeta-divertida-hasta-lueguito\/\" \/>\n<meta property=\"og:site_name\" content=\"OH yei!\" \/>\n<meta property=\"article:modified_time\" content=\"2023-12-17T15:03:51+00:00\" \/>\n<meta property=\"og:image\" content=\"https:\/\/ohyeicr.com\/shop\/wp-content\/uploads\/2018\/02\/tarjeta-divertida-lueguito-OH-yei-scaled.jpg\" \/>\n\t<meta property=\"og:image:width\" content=\"2560\" \/>\n\t<meta property=\"og:image:height\" content=\"2560\" \/>\n\t<meta property=\"og:image:type\" content=\"image\/jpeg\" \/>\n<meta name=\"twitter:card\" content=\"summary_large_image\" \/>\n<script type=\"application\/ld+json\" class=\"yoast-schema-graph\">{\"@context\":\"https:\\\/\\\/schema.org\",\"@graph\":[{\"@type\":\"WebPage\",\"@id\":\"https:\\\/\\\/ohyeicr.com\\\/shop\\\/producto\\\/tarjeta-divertida-hasta-lueguito\\\/\",\"url\":\"https:\\\/\\\/ohyeicr.com\\\/shop\\\/producto\\\/tarjeta-divertida-hasta-lueguito\\\/\",\"name\":\"Tarjeta divertida HASTA LUEGUITO - OH yei!\",\"isPartOf\":{\"@id\":\"https:\\\/\\\/ohyeicr.com\\\/shop\\\/#website\"},\"primaryImageOfPage\":{\"@id\":\"https:\\\/\\\/ohyeicr.com\\\/shop\\\/producto\\\/tarjeta-divertida-hasta-lueguito\\\/#primaryimage\"},\"image\":{\"@id\":\"https:\\\/\\\/ohyeicr.com\\\/shop\\\/producto\\\/tarjeta-divertida-hasta-lueguito\\\/#primaryimage\"},\"thumbnailUrl\":\"https:\\\/\\\/i0.wp.com\\\/ohyeicr.com\\\/shop\\\/wp-content\\\/uploads\\\/2018\\\/02\\\/tarjeta-divertida-lueguito-OH-yei-scaled.jpg?fit=2560%2C2560&ssl=1\",\"datePublished\":\"2018-02-09T02:44:56+00:00\",\"dateModified\":\"2023-12-17T15:03:51+00:00\",\"breadcrumb\":{\"@id\":\"https:\\\/\\\/ohyeicr.com\\\/shop\\\/producto\\\/tarjeta-divertida-hasta-lueguito\\\/#breadcrumb\"},\"inLanguage\":\"es\",\"potentialAction\":[{\"@type\":\"ReadAction\",\"target\":[\"https:\\\/\\\/ohyeicr.com\\\/shop\\\/producto\\\/tarjeta-divertida-hasta-lueguito\\\/\"]}]},{\"@type\":\"ImageObject\",\"inLanguage\":\"es\",\"@id\":\"https:\\\/\\\/ohyeicr.com\\\/shop\\\/producto\\\/tarjeta-divertida-hasta-lueguito\\\/#primaryimage\",\"url\":\"https:\\\/\\\/i0.wp.com\\\/ohyeicr.com\\\/shop\\\/wp-content\\\/uploads\\\/2018\\\/02\\\/tarjeta-divertida-lueguito-OH-yei-scaled.jpg?fit=2560%2C2560&ssl=1\",\"contentUrl\":\"https:\\\/\\\/i0.wp.com\\\/ohyeicr.com\\\/shop\\\/wp-content\\\/uploads\\\/2018\\\/02\\\/tarjeta-divertida-lueguito-OH-yei-scaled.jpg?fit=2560%2C2560&ssl=1\",\"width\":2560,\"height\":2560,\"caption\":\"tarjeta-hasta-lueguito\"},{\"@type\":\"BreadcrumbList\",\"@id\":\"https:\\\/\\\/ohyeicr.com\\\/shop\\\/producto\\\/tarjeta-divertida-hasta-lueguito\\\/#breadcrumb\",\"itemListElement\":[{\"@type\":\"ListItem\",\"position\":1,\"name\":\"Portada\",\"item\":\"https:\\\/\\\/ohyeicr.com\\\/shop\\\/\"},{\"@type\":\"ListItem\",\"position\":2,\"name\":\"Tienda\",\"item\":\"https:\\\/\\\/ohyeicr.com\\\/shop\\\/tienda\\\/\"},{\"@type\":\"ListItem\",\"position\":3,\"name\":\"Tarjeta divertida HASTA LUEGUITO\"}]},{\"@type\":\"WebSite\",\"@id\":\"https:\\\/\\\/ohyeicr.com\\\/shop\\\/#website\",\"url\":\"https:\\\/\\\/ohyeicr.com\\\/shop\\\/\",\"name\":\"OH yei!\",\"description\":\"Detalles que hacen sonreir!!\",\"publisher\":{\"@id\":\"https:\\\/\\\/ohyeicr.com\\\/shop\\\/#organization\"},\"potentialAction\":[{\"@type\":\"SearchAction\",\"target\":{\"@type\":\"EntryPoint\",\"urlTemplate\":\"https:\\\/\\\/ohyeicr.com\\\/shop\\\/?s={search_term_string}\"},\"query-input\":{\"@type\":\"PropertyValueSpecification\",\"valueRequired\":true,\"valueName\":\"search_term_string\"}}],\"inLanguage\":\"es\"},{\"@type\":\"Organization\",\"@id\":\"https:\\\/\\\/ohyeicr.com\\\/shop\\\/#organization\",\"name\":\"OH yei!\u00ae\",\"url\":\"https:\\\/\\\/ohyeicr.com\\\/shop\\\/\",\"logo\":{\"@type\":\"ImageObject\",\"inLanguage\":\"es\",\"@id\":\"https:\\\/\\\/ohyeicr.com\\\/shop\\\/#\\\/schema\\\/logo\\\/image\\\/\",\"url\":\"https:\\\/\\\/i0.wp.com\\\/ohyeicr.com\\\/shop\\\/wp-content\\\/uploads\\\/2020\\\/03\\\/logo-ohyei-web.png?fit=350%2C350&ssl=1\",\"contentUrl\":\"https:\\\/\\\/i0.wp.com\\\/ohyeicr.com\\\/shop\\\/wp-content\\\/uploads\\\/2020\\\/03\\\/logo-ohyei-web.png?fit=350%2C350&ssl=1\",\"width\":350,\"height\":350,\"caption\":\"OH yei!\u00ae\"},\"image\":{\"@id\":\"https:\\\/\\\/ohyeicr.com\\\/shop\\\/#\\\/schema\\\/logo\\\/image\\\/\"}}]}<\/script>\n<!-- \/ Yoast SEO plugin. -->","yoast_head_json":{"title":"Tarjeta divertida HASTA LUEGUITO - OH yei!","robots":{"index":"index","follow":"follow","max-snippet":"max-snippet:-1","max-image-preview":"max-image-preview:large","max-video-preview":"max-video-preview:-1"},"canonical":"https:\/\/ohyeicr.com\/shop\/producto\/tarjeta-divertida-hasta-lueguito\/","og_locale":"es_ES","og_type":"article","og_title":"Tarjeta divertida HASTA LUEGUITO - OH yei!","og_description":"Tarjeta perfecta para despedirse con cari\u00f1o tico y expresar lo tanto que vas a extra\u00f1ar a esa persona especial. Escribe un gracias, un saludo c\u00e1lido o los mejores deseos. Tarjeta con corte especial en texto sobre cartulina fina texturizada. Decorada con un tassel de estambre. Hoja de papel fucsia en el interior. Contiene un sobre [&hellip;]","og_url":"https:\/\/ohyeicr.com\/shop\/producto\/tarjeta-divertida-hasta-lueguito\/","og_site_name":"OH yei!","article_modified_time":"2023-12-17T15:03:51+00:00","og_image":[{"width":2560,"height":2560,"url":"https:\/\/ohyeicr.com\/shop\/wp-content\/uploads\/2018\/02\/tarjeta-divertida-lueguito-OH-yei-scaled.jpg","type":"image\/jpeg"}],"twitter_card":"summary_large_image","schema":{"@context":"https:\/\/schema.org","@graph":[{"@type":"WebPage","@id":"https:\/\/ohyeicr.com\/shop\/producto\/tarjeta-divertida-hasta-lueguito\/","url":"https:\/\/ohyeicr.com\/shop\/producto\/tarjeta-divertida-hasta-lueguito\/","name":"Tarjeta divertida HASTA LUEGUITO - OH yei!","isPartOf":{"@id":"https:\/\/ohyeicr.com\/shop\/#website"},"primaryImageOfPage":{"@id":"https:\/\/ohyeicr.com\/shop\/producto\/tarjeta-divertida-hasta-lueguito\/#primaryimage"},"image":{"@id":"https:\/\/ohyeicr.com\/shop\/producto\/tarjeta-divertida-hasta-lueguito\/#primaryimage"},"thumbnailUrl":"https:\/\/i0.wp.com\/ohyeicr.com\/shop\/wp-content\/uploads\/2018\/02\/tarjeta-divertida-lueguito-OH-yei-scaled.jpg?fit=2560%2C2560&ssl=1","datePublished":"2018-02-09T02:44:56+00:00","dateModified":"2023-12-17T15:03:51+00:00","breadcrumb":{"@id":"https:\/\/ohyeicr.com\/shop\/producto\/tarjeta-divertida-hasta-lueguito\/#breadcrumb"},"inLanguage":"es","potentialAction":[{"@type":"ReadAction","target":["https:\/\/ohyeicr.com\/shop\/producto\/tarjeta-divertida-hasta-lueguito\/"]}]},{"@type":"ImageObject","inLanguage":"es","@id":"https:\/\/ohyeicr.com\/shop\/producto\/tarjeta-divertida-hasta-lueguito\/#primaryimage","url":"https:\/\/i0.wp.com\/ohyeicr.com\/shop\/wp-content\/uploads\/2018\/02\/tarjeta-divertida-lueguito-OH-yei-scaled.jpg?fit=2560%2C2560&ssl=1","contentUrl":"https:\/\/i0.wp.com\/ohyeicr.com\/shop\/wp-content\/uploads\/2018\/02\/tarjeta-divertida-lueguito-OH-yei-scaled.jpg?fit=2560%2C2560&ssl=1","width":2560,"height":2560,"caption":"tarjeta-hasta-lueguito"},{"@type":"BreadcrumbList","@id":"https:\/\/ohyeicr.com\/shop\/producto\/tarjeta-divertida-hasta-lueguito\/#breadcrumb","itemListElement":[{"@type":"ListItem","position":1,"name":"Portada","item":"https:\/\/ohyeicr.com\/shop\/"},{"@type":"ListItem","position":2,"name":"Tienda","item":"https:\/\/ohyeicr.com\/shop\/tienda\/"},{"@type":"ListItem","position":3,"name":"Tarjeta divertida HASTA LUEGUITO"}]},{"@type":"WebSite","@id":"https:\/\/ohyeicr.com\/shop\/#website","url":"https:\/\/ohyeicr.com\/shop\/","name":"OH yei!","description":"Detalles que hacen sonreir!!","publisher":{"@id":"https:\/\/ohyeicr.com\/shop\/#organization"},"potentialAction":[{"@type":"SearchAction","target":{"@type":"EntryPoint","urlTemplate":"https:\/\/ohyeicr.com\/shop\/?s={search_term_string}"},"query-input":{"@type":"PropertyValueSpecification","valueRequired":true,"valueName":"search_term_string"}}],"inLanguage":"es"},{"@type":"Organization","@id":"https:\/\/ohyeicr.com\/shop\/#organization","name":"OH yei!\u00ae","url":"https:\/\/ohyeicr.com\/shop\/","logo":{"@type":"ImageObject","inLanguage":"es","@id":"https:\/\/ohyeicr.com\/shop\/#\/schema\/logo\/image\/","url":"https:\/\/i0.wp.com\/ohyeicr.com\/shop\/wp-content\/uploads\/2020\/03\/logo-ohyei-web.png?fit=350%2C350&ssl=1","contentUrl":"https:\/\/i0.wp.com\/ohyeicr.com\/shop\/wp-content\/uploads\/2020\/03\/logo-ohyei-web.png?fit=350%2C350&ssl=1","width":350,"height":350,"caption":"OH yei!\u00ae"},"image":{"@id":"https:\/\/ohyeicr.com\/shop\/#\/schema\/logo\/image\/"}}]}},"jetpack_publicize_connections":[],"jetpack_sharing_enabled":true,"_links":{"self":[{"href":"https:\/\/ohyeicr.com\/shop\/wp-json\/wp\/v2\/product\/902","targetHints":{"allow":["GET"]}}],"collection":[{"href":"https:\/\/ohyeicr.com\/shop\/wp-json\/wp\/v2\/product"}],"about":[{"href":"https:\/\/ohyeicr.com\/shop\/wp-json\/wp\/v2\/types\/product"}],"replies":[{"embeddable":true,"href":"https:\/\/ohyeicr.com\/shop\/wp-json\/wp\/v2\/comments?post=902"}],"wp:featuredmedia":[{"embeddable":true,"href":"https:\/\/ohyeicr.com\/shop\/wp-json\/wp\/v2\/media\/903"}],"wp:attachment":[{"href":"https:\/\/ohyeicr.com\/shop\/wp-json\/wp\/v2\/media?parent=902"}],"wp:term":[{"taxonomy":"product_brand","embeddable":true,"href":"https:\/\/ohyeicr.com\/shop\/wp-json\/wp\/v2\/product_brand?post=902"},{"taxonomy":"product_cat","embeddable":true,"href":"https:\/\/ohyeicr.com\/shop\/wp-json\/wp\/v2\/product_cat?post=902"},{"taxonomy":"product_tag","embeddable":true,"href":"https:\/\/ohyeicr.com\/shop\/wp-json\/wp\/v2\/product_tag?post=902"}],"curies":[{"name":"wp","href":"https:\/\/api.w.org\/{rel}","templated":true}]}}